{"id":642,"date":"2019-07-01T15:09:11","date_gmt":"2019-07-01T15:09:11","guid":{"rendered":"http:\/\/aura-handball.fr\/stages-vacances\/?page_id=642"},"modified":"2019-07-01T15:11:03","modified_gmt":"2019-07-01T15:11:03","slug":"vie-privee-cookies","status":"publish","type":"page","link":"https:\/\/aura-handball.fr\/stages-vacances\/vie-privee-cookies","title":{"rendered":"Vie priv\u00e9e &#038; Cookies"},"content":{"rendered":"<p>[vc_row][vc_column css=\u00a0\u00bb.vc_custom_1540995075019{padding-top: 30px !important;}\u00a0\u00bb col_shadow=\u00a0\u00bbbox_shadow_enable:disable|shadow_horizontal:0|shadow_vertical:15|shadow_blur:50|shadow_spread:0|box_shadow_color:rgba(0%2C0%2C0%2C0.35)\u00a0\u00bb col_shadow_hover=\u00a0\u00bbbox_shadow_enable:disable|shadow_horizontal:0|shadow_vertical:15|shadow_blur:50|shadow_spread:0|box_shadow_color:rgba(0%2C0%2C0%2C0.35)\u00a0\u00bb][dfd_heading subtitle=\u00a0\u00bb\u00a0\u00bb content_alignment=\u00a0\u00bbtext-left\u00a0\u00bb delimiter_settings=\u00a0\u00bbdelimiter_style:solid|delimiter_width:80|delimiter_height:1&Prime; title_font_options=\u00a0\u00bbtag:h2|font_size:28&Prime; subtitle_font_options=\u00a0\u00bbtag:div\u00a0\u00bb]Politique de confidentialit\u00e9[\/dfd_heading][vc_column_text]Ligue Auvergne Rh\u00f4ne-Alpes Handball respecte la vie priv\u00e9e de l\u2019internaute et se conforme aux lois en vigueur sur la protection de la vie priv\u00e9e et des libert\u00e9s individuelles.<\/p>\n<p>Conform\u00e9ment aux lois relatives \u00e0 la protection des personnes physiques \u00e0 l\u2019\u00e9gard des traitements de donn\u00e9es \u00e0 caract\u00e8re personnel, vous disposez d\u2019un droit d\u2019acc\u00e8s, de modification, de rectification et de suppression des donn\u00e9es personnelles qui vous concernent.<\/p>\n<p>Pour cela, il suffit d\u2019en faire la demande :<\/p>\n<p>par courrier \u00e9lectronique \u00e0 l\u2019adresse :\u00a05100000.com@ffhandball.net<br \/>\nPour mieux conna\u00eetre vos droits et vos devoirs, vous pouvez \u00e9galement consulter le site de la Commission Nationale de l\u2019Informatique et des Libert\u00e9s http:\/\/www.cnil.fr.<\/p>\n<p><strong>IDENTIT\u00c9 DU RESPONSABLE DU TRAITEMENT<\/strong><br \/>\nLes donn\u00e9es personnelles sont collect\u00e9es par : Ligue Auvergne Rh\u00f4ne-Alpes Handball<\/p>\n<p><strong>LES TRAITEMENTS RELATIFS \u00c0 VOS DONN\u00c9ES PERSONNELLES<\/strong><br \/>\n<strong>QUELLES DONN\u00c9ES ?<\/strong><br \/>\nNotre site ne demande pas d\u2019enregistrement nominatif \u00e0 ses visiteurs et ne proc\u00e8de \u00e0 aucun enregistrement nominatif pour la simple consultation de ses pages.<\/p>\n<p>Cependant, dans certains cas (formulaire de contact, fonctionnalit\u00e9s de partage et modules sociaux, cr\u00e9ation de compte client), vous pouvez \u00eatre invit\u00e9 \u00e0 laisser des donn\u00e9es personnelles (nom, pr\u00e9nom, num\u00e9ro de t\u00e9l\u00e9phone, adresse \u00e9lectronique\u2026). Le caract\u00e8re obligatoire ou facultatif des donn\u00e9es vous est signal\u00e9 lors de la collecte.<\/p>\n<p>Nous ne collectons aucune donn\u00e9e sensible, \u00e0 savoir aucune donn\u00e9e relative \u00e0 vos origines raciales ou ethniques, \u00e0 vos opinions politiques, philosophiques ou religieuses ou votre appartenance syndicale, ou qui sont relatives \u00e0 votre sant\u00e9 ou votre vie sexuelle.<\/p>\n<p>Par ailleurs, lors de la consultation de notre site web et de l\u2019utilisation de nos services, nous sommes amen\u00e9s \u00e0 collecter et traiter des donn\u00e9es relatives \u00e0 votre navigation (notamment les cookies, et les pages que vous avez consult\u00e9es), et \u00e0 votre terminal (type de navigateur utilis\u00e9, mod\u00e8le et version de votre syst\u00e8me d\u2019exploitation, r\u00e9solution de votre \u00e9cran, pr\u00e9sence de certains plug-ins, \u2026). Ces donn\u00e9es seront utilis\u00e9es d\u2019une part pour adapter nos contenus et services \u00e0 vos besoins, et d\u2019autre part pour r\u00e9aliser des statistiques d\u2019utilisation de nos services afin de les rendre plus pertinents.<\/p>\n<p><strong>QUAND ?<\/strong><br \/>\nNous collectons vos donn\u00e9es notamment quand :<\/p>\n<p>Vous utilisez notre formulaire de contact,<br \/>\nVous souscrivez \u00e0 notre newsletter,<br \/>\nVous naviguez sur notre site et consultez nos pages.<\/p>\n<p><strong>QUELLES FINALIT\u00c9S ?<\/strong><br \/>\nQuand vous utilisez le formulaire de contact ou la newsletter du site web, les donn\u00e9es inscrites, mais aussi votre adresse IP sont collect\u00e9s. Pour vous apporter une r\u00e9ponse la plus pertinente possible \u00e0 votre demande. Ces donn\u00e9es ne seront utilis\u00e9es d\u2019aucune autre mani\u00e8re, ni transmises \u00e0 des tiers.<\/p>\n<p><strong>QUELS DESTINATAIRES ?<\/strong><br \/>\nLes donn\u00e9es collect\u00e9es sur notre site sont exclusivement destin\u00e9es \u00e0 Ligue Auvergne Rh\u00f4ne-Alpes Handball, \u00e9diteur du site. Ligue Auvergne Rh\u00f4ne-Alpes Handball ne divulguera pas \u00e0 des tiers les donn\u00e9es personnelles vous concernant que vous pourriez lui communiquer par le moyen de la messagerie \u00e9lectronique.<\/p>\n<p><strong>Contenu embarqu\u00e9 depuis d\u2019autres sites<\/strong><br \/>\nLes pages de ce site peuvent inclure des contenus int\u00e9gr\u00e9s (par exemple des vid\u00e9os, images, articles\u2026). Le contenu int\u00e9gr\u00e9 depuis d\u2019autres sites se comporte de la m\u00eame mani\u00e8re que si le visiteur se rendait sur cet autre site.<\/p>\n<p>Ces sites web pourraient collecter des donn\u00e9es sur vous, utiliser des cookies, embarquer des outils de suivis tiers, suivre vos interactions avec ces contenus embarqu\u00e9s si vous disposez d\u2019un compte connect\u00e9 sur leur site web.<\/p>\n<p>Liens vers d\u2019autres sites internet et r\u00e9seaux sociaux<br \/>\nCe site peut contenir des liens vers des sites partenaires ou des soci\u00e9t\u00e9s tierces. Ces sites internet ont leur propre politique de confidentialit\u00e9. Ligue Auvergne Rh\u00f4ne-Alpes Handball d\u00e9cline toute responsabilit\u00e9 quant \u00e0 l\u2019utilisation faite par ces sites des informations collect\u00e9es lorsque vous cliquez sur ces liens.<\/p>\n<p><strong>Comment ces donn\u00e9es sont-elles s\u00e9curis\u00e9es ?<\/strong><br \/>\nToutes les informations que vous envoyez explicitement via le site (formulaires, etc) sont stock\u00e9es sur les serveurs s\u00e9curis\u00e9s de l\u2019h\u00e9bergeur dont les coordonn\u00e9es figurent sur nos mentions l\u00e9gales.<\/p>\n<p>Et vous pouvez en savoir plus sur l\u2019infrastructure en allant sur le site de notre h\u00e9bergeur.[\/vc_column_text][dfd_spacer screen_wide_spacer_size=\u00a0\u00bb20&Prime; screen_normal_resolution=\u00a0\u00bb1024&Prime; screen_tablet_resolution=\u00a0\u00bb800&Prime; screen_mobile_resolution=\u00a0\u00bb480&Prime;][dfd_heading subtitle=\u00a0\u00bb\u00a0\u00bb content_alignment=\u00a0\u00bbtext-left\u00a0\u00bb delimiter_settings=\u00a0\u00bbdelimiter_style:solid|delimiter_width:80|delimiter_height:1&Prime; title_font_options=\u00a0\u00bbtag:h2|font_size:28&Prime; subtitle_font_options=\u00a0\u00bbtag:div\u00a0\u00bb]Cookies[\/dfd_heading][vc_column_text]<strong>COOKIES STRICTEMENT N\u00c9CESSAIRES \u00c0 L\u2019UTILISATION DU SERVICE DEMAND\u00c9.<\/strong><br \/>\nIls permettent l\u2019utilisation des principales fonctionnalit\u00e9s du site, comme l\u2019acc\u00e8s \u00e0 votre compte personnel, ou encore de m\u00e9moriser les pr\u00e9f\u00e9rences d\u2019affichage de votre terminal (langue, param\u00e8tres d\u2019affichage) et d\u2019en tenir compte lors de vos visites, selon la charte graphique et les logiciels de visualisation ou de lecture de votre terminal. Ils peuvent inclure des cookies de r\u00e9seaux sociaux lorsque vous interagissez avec ces derniers. Ils nous permettent aussi de lier entre elles les diff\u00e9rentes pages consult\u00e9es pour vous assurer une navigation fluide.<\/p>\n<p>Vous pouvez d\u00e9sactiver compl\u00e8tement les cookies dans votre navigateur. Dans ce cas notre site ne fonctionnera plus normalement mais vous pourrez quand m\u00eame effectuer des actions basiques.<\/p>\n<p>1\/ si vous utilisez le navigateur Internet Explorer<br \/>\n\u2013 Dans Internet Explorer, cliquez sur le bouton \u00ab Outils \u00bb, puis sur \u00ab Options Internet \u00bb.<br \/>\n\u2013 Sous l\u2019onglet Confidentialit\u00e9 d\u00e9placez le curseur vers le haut pour bloquer tous les cookies ou vers le bas pour autoriser tous les cookies, puis cliquez sur OK.<\/p>\n<p>2\/ si vous utilisez le navigateur Firefox<br \/>\n\u2013 Allez dans le menu \u00ab Outils \u00bb du navigateur puis s\u00e9lectionnez le menu \u00ab Options \u00bb<br \/>\n\u2013 Cliquez sur l\u2019onglet \u00ab vie priv\u00e9e \u00bb, d\u00e9cochez la case \u00ab Accepter les cookies \u00bb puis cliquez sur OK.<\/p>\n<p>3\/ si vous utilisez le navigateur Safari<br \/>\n\u2013 Dans voter navigateur, choisissez le menu \u00ab \u00c9dition \u00bb puis s\u00e9lectionnez \u00ab Pr\u00e9f\u00e9rences \u00bb.<br \/>\n\u2013 Cliquez sur \u00ab Confidentialit\u00e9 \u00bb.<br \/>\n\u2013 Positionner le r\u00e9glage \u00ab Bloquer les cookies sur \u00ab Toujours \u00bb puis cliquez sur OK.<\/p>\n<p>4\/ si vous utilisez le navigateur Google Chrome<br \/>\n\u2013 Cliquez sur le menu Chrome dans la barre d\u2019outils du navigateur.<br \/>\n\u2013 S\u00e9lectionnez \u00ab Param\u00e8tres \u00bb.<br \/>\n\u2013 Cliquez sur \u00ab Afficher les param\u00e8tres avanc\u00e9s \u00bb.<br \/>\n\u2013 Dans la section \u00ab Confidentialit\u00e9 \u00bb, cliquez sur le bouton \u00ab Param\u00e8tres de contenu \u00bb.<br \/>\n\u2013 Dans la section \u00ab Cookies \u00bb, s\u00e9lectionner \u00ab Interdire \u00e0 tous les sites de stocker des donn\u00e9es \u00bb et cochez la case \u00ab Bloquer les cookies et les donn\u00e9es de site tiers \u00bb, puis cliquez sur OK.<\/p>\n<p><strong>COOKIES DE MESURE D\u2019AUDIENCE ET DE STATISTIQUES.<\/strong><br \/>\nIls nous permettent de faire vivre le site et d\u2019\u00e9tablir des statistiques et comptages de fr\u00e9quentation et d\u2019utilisation de ses rubriques et contenus, pour r\u00e9aliser des \u00e9tudes afin d\u2019am\u00e9liorer le contenu (mesure du nombre de visites, de pages vues ou encore de l\u2019activit\u00e9 des visiteurs sur le site et de leur fr\u00e9quence de retour). Ils nous permettent \u00e9galement d\u2019analyser la navigation des internautes afin d\u2019am\u00e9liorer notre service ou de d\u00e9tecter des dysfonctionnements.<\/p>\n<p>La CNIL propose par ailleurs sur son site \u00e0 l\u2019adresse http:\/\/www.cnil.fr\/vos-droits\/vos-traces\/les-cookies\/conseils-aux-internautes un large panel d\u2019outils permettant de limiter la tra\u00e7abilit\u00e9 de votre navigation sur Internet : extensions pour votre navigateur permettant de bloquer les traceurs, les boutons de partage sur les r\u00e9seaux sociaux, le chargement de ressources en provenance d\u2019autres sites\u2026<\/p>\n<p><strong>COOKIES PUBLICITAIRES DE SOCI\u00c9T\u00c9S PARTENAIRES.<\/strong><br \/>\nIls sont susceptibles d\u2019\u00eatre plac\u00e9s dans votre terminal, afin d\u2019identifier vos centres d\u2019int\u00e9r\u00eat au travers des produits consult\u00e9s sur notre site et de collecter des donn\u00e9es de navigation afin de personnaliser l\u2019offre publicitaire qui vous est adress\u00e9e sur et en dehors de nos sites.<\/p>\n<p>Vous pouvez vous opposer \u00e0 tous les cookies tiers depuis votre navigateur :<\/p>\n<p>1\/ si vous utilisez le navigateur Internet Explorer<br \/>\n\u2013 Dans Internet Explorer, cliquez sur le bouton \u00ab Outils \u00bb, puis sur \u00ab Options Internet \u00bb.<br \/>\n\u2013 Sous l\u2019onglet Confidentialit\u00e9, sous Cookies, activez l\u2019option Bloquer tous les cookies tiers, puis cliquez sur OK.<\/p>\n<p>2\/ si vous utilisez le navigateur Firefox<br \/>\n\u2013 Allez dans le menu \u00ab Outils \u00bb du navigateur puis s\u00e9lectionnez \u00ab Options \u00bb<br \/>\n\u2013 Cliquez sur l\u2019onglet \u00ab vie priv\u00e9e \u00bb, passez le param\u00e8tre \u00ab Accepter les cookies tiers \u00bb \u00e0 \u00ab jamais \u00bb, puis cliquez sur OK.<\/p>\n<p>3\/ si vous utilisez le navigateur Safari<br \/>\n\u2013 Dans votre navigateur, choisissez le menu \u00ab \u00c9dition \u00bb puis s\u00e9lectionnez \u00ab Pr\u00e9f\u00e9rences \u00bb.<br \/>\n\u2013 Cliquez sur \u00ab Confidentialit\u00e9 \u00bb.<br \/>\n\u2013 Positionner le r\u00e9glage \u00ab Bloquer les cookies sur \u00ab Des tierces parties et des annonceurs \u00bb puis cliquez sur OK.<\/p>\n<p>4\/ si vous utilisez le navigateur Google Chrome<br \/>\n\u2013 Cliquez sur le menu Chrome dans la barre d\u2019outils du navigateur.<br \/>\n\u2013 S\u00e9lectionnez \u00ab Param\u00e8tres \u00bb.<br \/>\n\u2013 Cliquez sur \u00ab Afficher les param\u00e8tres avanc\u00e9s \u00bb.<br \/>\n\u2013 Dans la section \u00ab Confidentialit\u00e9 \u00bb, cliquez sur le bouton \u00ab Param\u00e8tres de contenu \u00bb.<br \/>\n\u2013 Dans la section \u00ab Cookies \u00bb, cochez la case \u00ab Bloquer les cookies et les donn\u00e9es de site tiers \u00bb, puis cliquez sur OK.[\/vc_column_text][dfd_spacer screen_wide_spacer_size=\u00a0\u00bb50&Prime; screen_normal_resolution=\u00a0\u00bb1024&Prime; screen_tablet_resolution=\u00a0\u00bb800&Prime; screen_mobile_resolution=\u00a0\u00bb480&Prime;][\/vc_column][\/vc_row]<\/p>\n","protected":false},"excerpt":{"rendered":"<p>[vc_row][vc_column css=\u00a0\u00bb.vc_custom_1540995075019{padding-top: 30px !important;}\u00a0\u00bb col_shadow=\u00a0\u00bbbox_shadow_enable:disable|shadow_horizontal:0|shadow_vertical:15|shadow_blur:50|shadow_spread:0|box_shadow_color:rgba(0%2C0%2C0%2C0.35)\u00a0\u00bb col_shadow_hover=\u00a0\u00bbbox_shadow_enable:disable|shadow_horizontal:0|shadow_vertical:15|shadow_blur:50|shadow_spread:0|box_shadow_color:rgba(0%2C0%2C0%2C0.35)\u00a0\u00bb][dfd_heading subtitle=\u00a0\u00bb\u00a0\u00bb content_alignment=\u00a0\u00bbtext-left\u00a0\u00bb delimiter_settings=\u00a0\u00bbdelimiter_style:solid|delimiter_width:80|delimiter_height:1&Prime; title_font_options=\u00a0\u00bbtag:h2|font_size:28&Prime; subtitle_font_options=\u00a0\u00bbtag:div\u00a0\u00bb]Politique de confidentialit\u00e9[\/dfd_heading][vc_column_text]Ligue Auvergne Rh\u00f4ne-Alpes Handball respecte la vie priv\u00e9e de l\u2019internaute et se conforme aux lois en vigueur sur<\/p>\n","protected":false},"author":1,"featured_media":0,"parent":0,"menu_order":40,"comment_status":"closed","ping_status":"closed","template":"tmp-page.php","meta":[],"_links":{"self":[{"href":"https:\/\/aura-handball.fr\/stages-vacances\/wp-json\/wp\/v2\/pages\/642"}],"collection":[{"href":"https:\/\/aura-handball.fr\/stages-vacances\/wp-json\/wp\/v2\/pages"}],"about":[{"href":"https:\/\/aura-handball.fr\/stages-vacances\/wp-json\/wp\/v2\/types\/page"}],"author":[{"embeddable":true,"href":"https:\/\/aura-handball.fr\/stages-vacances\/wp-json\/wp\/v2\/users\/1"}],"replies":[{"embeddable":true,"href":"https:\/\/aura-handball.fr\/stages-vacances\/wp-json\/wp\/v2\/comments?post=642"}],"version-history":[{"count":2,"href":"https:\/\/aura-handball.fr\/stages-vacances\/wp-json\/wp\/v2\/pages\/642\/revisions"}],"predecessor-version":[{"id":644,"href":"https:\/\/aura-handball.fr\/stages-vacances\/wp-json\/wp\/v2\/pages\/642\/revisions\/644"}],"wp:attachment":[{"href":"https:\/\/aura-handball.fr\/stages-vacances\/wp-json\/wp\/v2\/media?parent=642"}],"curies":[{"name":"wp","href":"https:\/\/api.w.org\/{rel}","templated":true}]}}