{"id":580,"date":"2019-06-26T09:42:17","date_gmt":"2019-06-26T09:42:17","guid":{"rendered":"http:\/\/aura-handball.fr\/stages-vacances\/?page_id=580"},"modified":"2024-04-18T08:58:26","modified_gmt":"2024-04-18T08:58:26","slug":"livre-dor","status":"publish","type":"page","link":"https:\/\/aura-handball.fr\/stages-vacances\/livre-dor","title":{"rendered":"Livre d&rsquo;or"},"content":{"rendered":"<p>[vc_row bg_check=\u00a0\u00bbrow-background-dark\u00a0\u00bb dfd_bg_style=\u00a0\u00bbimage\u00a0\u00bb dfd_parallax_style=\u00a0\u00bbdfd_vertical_parallax\u00a0\u00bb dfd_bg_image_new=\u00a0\u00bb570&Prime; dfd_bg_image_repeat=\u00a0\u00bbno-repeat\u00a0\u00bb dfd_bg_image_position=\u00a0\u00bbcenter bottom\u00a0\u00bb dfd_bg_image_new_responsive=\u00a0\u00bb23043&Prime; dfd_enable_overlay=\u00a0\u00bbyes\u00a0\u00bb dfd_overlay_color=\u00a0\u00bbrgba(0,0,0,0.22)\u00a0\u00bb dfd_overlay_pattern=\u00a0\u00bb01.png\u00a0\u00bb dfd_row_responsive_enable=\u00a0\u00bbdfd-row-responsive-enable\u00a0\u00bb responsive_styles=\u00a0\u00bbpadding_left_desktop:10|padding_right_desktop:10|padding_left_tablet:10|padding_right_tablet:10|padding_left_mobile:20|padding_right_mobile:20&Prime;][vc_column col_shadow=\u00a0\u00bbbox_shadow_enable:disable|shadow_horizontal:0|shadow_vertical:15|shadow_blur:50|shadow_spread:0|box_shadow_color:rgba(0%2C0%2C0%2C0.35)\u00a0\u00bb col_shadow_hover=\u00a0\u00bbbox_shadow_enable:disable|shadow_horizontal:0|shadow_vertical:15|shadow_blur:50|shadow_spread:0|box_shadow_color:rgba(0%2C0%2C0%2C0.35)\u00a0\u00bb][dfd_spacer screen_wide_spacer_size=\u00a0\u00bb80&Prime; screen_normal_resolution=\u00a0\u00bb1280&Prime; screen_tablet_resolution=\u00a0\u00bb1024&Prime; screen_mobile_resolution=\u00a0\u00bb800&Prime; screen_normal_spacer_size=\u00a0\u00bb60&Prime; screen_tablet_spacer_size=\u00a0\u00bb40&Prime; screen_mobile_spacer_size=\u00a0\u00bb40&Prime;][dfd_heading subtitle=\u00a0\u00bb\u00a0\u00bb module_animation=\u00a0\u00bbtransition.expandIn\u00a0\u00bb enable_delimiter=\u00a0\u00bb\u00a0\u00bb undefined=\u00a0\u00bb\u00a0\u00bb title_font_options=\u00a0\u00bbtag:h2|font_size:35|line_height:44|letter_spacing:1&Prime; subtitle_font_options=\u00a0\u00bbtag:h3|font_size:18|color:%23ffffff|letter_spacing:1&Prime; title_responsive=\u00a0\u00bbfont_size_tablet:36|line_height_tablet:48|font_size_mobile:28|line_height_mobile:38&Prime;]Livre d&rsquo;or[\/dfd_heading][dfd_spacer screen_wide_spacer_size=\u00a0\u00bb140&Prime; screen_normal_resolution=\u00a0\u00bb1280&Prime; screen_tablet_resolution=\u00a0\u00bb1024&Prime; screen_mobile_resolution=\u00a0\u00bb800&Prime; screen_normal_spacer_size=\u00a0\u00bb100&Prime; screen_tablet_spacer_size=\u00a0\u00bb60&Prime; screen_mobile_spacer_size=\u00a0\u00bb100&Prime;][\/vc_column][\/vc_row][vc_row dfd_row_responsive_enable=\u00a0\u00bbdfd-row-responsive-enable\u00a0\u00bb responsive_styles=\u00a0\u00bbpadding_left_desktop:20|padding_right_desktop:20|padding_left_tablet:20|padding_right_tablet:20|padding_left_mobile:20|padding_right_mobile:20&Prime;][vc_column width=\u00a0\u00bb3\/4&Prime; css=\u00a0\u00bb.vc_custom_1530025651357{margin-top: -80px !important;padding-top: 3% !important;padding-right: 4% !important;padding-bottom: 4% !important;padding-left: 4% !important;background-color: #ffffff !important;background-position: center !important;background-repeat: no-repeat !important;background-size: cover !important;}\u00a0\u00bb col_shadow=\u00a0\u00bbbox_shadow_enable:enable|shadow_horizontal:0|shadow_vertical:30|shadow_blur:120|shadow_spread:0|box_shadow_color:rgba(0%2C0%2C0%2C0.25)\u00a0\u00bb col_shadow_hover=\u00a0\u00bbbox_shadow_enable:enable|shadow_horizontal:0|shadow_vertical:30|shadow_blur:120|shadow_spread:0|box_shadow_color:rgba(0%2C0%2C0%2C0.25)\u00a0\u00bb][vc_row_inner][vc_column_inner][dfd_heading subtitle=\u00a0\u00bb\u00a0\u00bb content_alignment=\u00a0\u00bbtext-left\u00a0\u00bb delimiter_settings=\u00a0\u00bbdelimiter_style:solid|delimiter_width:80|delimiter_height:1&Prime; title_font_options=\u00a0\u00bbtag:h2|font_size:28|color:%23c69300&Prime; subtitle_font_options=\u00a0\u00bbtag:div\u00a0\u00bb]Laissez-nous un commentaire![\/dfd_heading][\/vc_column_inner][\/vc_row_inner][dfd_spacer screen_wide_spacer_size=\u00a0\u00bb20&Prime; screen_normal_resolution=\u00a0\u00bb1024&Prime; screen_tablet_resolution=\u00a0\u00bb800&Prime; screen_mobile_resolution=\u00a0\u00bb480&Prime; screen_normal_spacer_size=\u00a0\u00bb60&Prime;][vc_column_text]<div class=\"gwolle-gb\"><div class=\"gwolle_gb_messages_top_container\"><\/div>\n\t\t\t<div class=\"gwolle-gb-write-button\">\n\t\t\t\t<input type=\"button\" name=\"gwolle-gb-write-button\" class=\"button btn btn-default \" value=\"&raquo; \u00c9crire un nouveau message.\" \/>\n\t\t\t<\/div>\n\t\t\t<form action=\"#\" method=\"POST\" class=\"gwolle-gb-write gwolle-gb-hide gwolle-gb-float gwolle_gb_form_ajax gwolle-gb-form-ajax\">\n\t\t\t\t<h3>Livre d&#39;or<\/h3>\n\t\t\t\t<button type=\"button\" class=\"gb-notice-dismiss\">x<span class=\"screen-reader-text\">Masquer ce formulaire.<\/span><\/button>\n\t\t\t\n\t\t\t\t<input type=\"hidden\" name=\"gwolle_gb_function\" class=\"gwolle_gb_function\" value=\"add_entry\" \/><input type=\"hidden\" name=\"gwolle_gb_book_id\" class=\"gwolle_gb_book_id\" value=\"1\" \/><div class=\"gwolle_gb_979683a9ad981f21280dc6fec3683f4a\">\n\t\t\t\t<div class=\"label\"><label for=\"gwolle_gb_979683a9ad981f21280dc6fec3683f4a\" class=\"text-info\">Nom *<\/label><\/div>\n\t\t\t\t<div class=\"input\"><input class=\"wp-exclude-emoji gwolle_gb_979683a9ad981f21280dc6fec3683f4a\" value=\"\" type=\"text\" name=\"gwolle_gb_979683a9ad981f21280dc6fec3683f4a\" required \/><\/div>\n\t\t\t<\/div>\n\t\t\t<div class=\"clearBoth\">&nbsp;<\/div><div class=\"gwolle_gb_345cadc9d4b46cbfca0e12ab8ed8683b\">\n\t\t\t\t<div class=\"label\"><label for=\"gwolle_gb_345cadc9d4b46cbfca0e12ab8ed8683b\" class=\"text-info\">E-mail *<\/label><\/div>\n\t\t\t\t<div class=\"input\"><input class=\"gwolle_gb_345cadc9d4b46cbfca0e12ab8ed8683b\" value=\"\" type=\"text\" name=\"gwolle_gb_345cadc9d4b46cbfca0e12ab8ed8683b\" required \/><\/div>\n\t\t\t<\/div>\n\t\t\t<div class=\"clearBoth\">&nbsp;<\/div>\n\t\t\t<div class=\"gwolle_gb_0c4a32b0c17d6d92d076b382cf28afa2\" style=\"display:none;\">\n\t\t\t\t<div class=\"label\">\n\t\t\t\t\t<label for=\"gwolle_gb_0c4a32b0c17d6d92d076b382cf28afa2\" class=\"text-primary\">Ne touchez pas \u00e0 ceci<\/label>\n\t\t\t\t\t<label for=\"gwolle_gb_ab445417a6711a771314418c03aa3c26\" class=\"text-primary\">Ne touchez pas \u00e0 ceci<\/label>\n\t\t\t\t<\/div>\n\t\t\t\t<div class=\"input\">\n\t\t\t\t\t<input value=\"78961\" type=\"text\" name=\"gwolle_gb_0c4a32b0c17d6d92d076b382cf28afa2\" class=\"gwolle_gb_0c4a32b0c17d6d92d076b382cf28afa2\" \/>\n\t\t\t\t\t<input value=\"78961\" type=\"text\" name=\"gwolle_gb_ab445417a6711a771314418c03aa3c26\" class=\"gwolle_gb_ab445417a6711a771314418c03aa3c26\" \/>\n\t\t\t\t<\/div>\n\t\t\t<\/div>\n\t\t\t<div class=\"clearBoth\"><\/div><div class=\"gwolle_gb_content\">\n\t\t\t\t<div class=\"label\"><label for=\"gwolle_gb_content\" class=\"text-info\">Message du livre d\u2019or *<\/label><\/div>\n\t\t\t\t<div class=\"input\"><textarea name=\"gwolle_gb_content\" class=\"gwolle_gb_content wp-exclude-emoji\" required ><\/textarea><\/div>\n\t\t\t\t<\/div>\n\t\t\t<div class=\"clearBoth\">&nbsp;<\/div>\n\t\t\t\t<div class=\"gwolle_gb_antispam\">\n\t\t\t\t\t<div class=\"label\">\n\t\t\t\t\t\t<label for=\"gwolle_gb_425902af07d3af84566bb5998e9880ed\" class=\"text-info\">Question\u00a0: 12 + six = *<\/label>\n\t\t\t\t\t<\/div>\n\t\t\t\t\t<div class=\"input\"><input class=\"gwolle_gb_425902af07d3af84566bb5998e9880ed\" value=\"\" type=\"text\" name=\"gwolle_gb_425902af07d3af84566bb5998e9880ed\" required \/>\n\t\t\t\t\t\t<\/div>\n\t\t\t\t\t<\/div>\n\t\t\t\t\t<div class=\"clearBoth\">&nbsp;<\/div>\n\t\t\t\t<div class=\"gwolle_gb_privacy\">\n\t\t\t\t\t<div class=\"label\"><label for=\"gwolle_gb_privacy\" class=\"text-info\">Accepter la <a href=\"https:\/\/aura-handball.fr\/stages-vacances\/vie-privee-cookies\" title=\"Lire la Politique de confidentialit\u00e9\" target=\"_blank\">politique de confidentialit\u00e9<\/a> *<\/label><\/div>\n\t\t\t\t\t<div class=\"input\"><input type=\"checkbox\" name=\"gwolle_gb_privacy\" class=\"gwolle_gb_privacy\" required \/><\/div>\n\t\t\t\t<\/div>\n\t\t\t\t<div class=\"clearBoth\">&nbsp;<\/div><input type=\"hidden\" class=\"gwolle_gb_4514e4c818e0bd3cd5569cef7e13fbd1\" name=\"gwolle_gb_4514e4c818e0bd3cd5569cef7e13fbd1\" value=\"716978f9eb\" \/>\n\t\t\t<div class=\"gwolle_gb_messages_bottom_container\"><\/div>\n\n\t\t\t<noscript><div class=\"no-js\">Avertissement\u00a0: Ce formulaire ne peut \u00eatre utilis\u00e9 que si JavaScript est activ\u00e9 dans votre navigateur.<\/div><\/noscript>\n\n\t\t\t<div class=\"gwolle_gb_submit\">\n\t\t\t\t<div class=\"label gwolle-gb-invisible text-muted\">&nbsp;<\/div>\n\t\t\t\t<div class=\"input\">\n\t\t\t\t\t<input type=\"submit\" name=\"gwolle_gb_submit\" class=\"gwolle_gb_submit button btn btn-primary \" value=\"Envoyer\" \/>\n\t\t\t\t\t<span class=\"gwolle_gb_submit_ajax_icon\"><\/span>\n\t\t\t\n\t\t\t\t<\/div>\n\t\t\t<\/div>\n\t\t\t<div class=\"clearBoth\">&nbsp;<\/div>\n\n\t\t\t<div class=\"gwolle_gb_notice\">\n\t\t\t\tLes champs marqu\u00e9s avec un * sont obligatoires.<br \/>\r\nVotre adresse e-mail ne sera pas publi\u00e9e.<br \/>\r\nIl se pourrait que votre message n\u2019apparaisse dans le livre d\u2019or qu\u2019apr\u00e8s que nous l\u2019ayons v\u00e9rifi\u00e9.<br \/>\r\nNous nous r\u00e9servons le droit de modifier, de supprimer, ou de ne pas publier les messages.\n\t\t\t<\/div><\/form>\n\t\t\t\t<div class=\"page-navigation\">\n\t\t\t\t\t<span class=\"screen-reader-text\">Navigation dans la liste du livre d\u2019or<\/span><span class=\"page-numbers current\">1<\/span><a href=\"https:\/\/aura-handball.fr\/stages-vacances\/livre-dor?pageNum=2\" title=\"Page 2\">2<\/a><a href=\"https:\/\/aura-handball.fr\/stages-vacances\/livre-dor?pageNum=3\" title=\"Page 3\">3<\/a><a href=\"https:\/\/aura-handball.fr\/stages-vacances\/livre-dor?pageNum=4\" title=\"Page 4\">4<\/a><a href=\"https:\/\/aura-handball.fr\/stages-vacances\/livre-dor?pageNum=5\" title=\"Page 5\">5<\/a><span class=\"page-numbers dots\">...<\/span><a href=\"https:\/\/aura-handball.fr\/stages-vacances\/livre-dor?pageNum=9\" title=\"Page 9\">9<\/a><a href=\"https:\/\/aura-handball.fr\/stages-vacances\/livre-dor?pageNum=2\" title=\"Page suivante\" rel=\"next\">&rarr;<\/a><\/div>\n\t\t<div class=\"gwolle-gb-read \" data-book_id=\"1\"><div id=\"gwolle-gb-total\">126 messages.<\/div><!-- Gwolle-GB Entry: Default Template Loaded -->\n\t\t\t\t<div class=\"gb-entry gb-entry_128 gb-entry-count_1 gwolle_gb_uneven gwolle-gb-uneven gwolle_gb_first gwolle-gb-first\">\n\t\t\t\t\t<div class=\"gb-author-info\">\n\t\t\t\t\t\t<span class=\"gb-author-name\">Celine C\n\t\t\t\t\t\t<\/span>\n\t\t\t\t\t\t<span class=\"gb-datetime\">\n\t\t\t\t\t\t\t<span class=\"gb-date\"><span class=\"gb-date-wrote-text\"> a \u00e9crit le<\/span><span class=\"gb-date-text\"> 2 septembre 2025<\/span>\n\t\t\t\t\t\t\t<\/span>\n\t\t\t\t\t\t<\/span> \n\t\t\t\t\t<\/div>\n\t\t\t\t\t<div class=\"gb-entry-content\">Pour son premier camp, Cl\u00e9ment ne pouvait pas r\u00eaver mieux ! \nActivit\u00e9s super sympas, encadrants au top et entra\u00eenements de hand efficaces. \nNous recevions chaque jour des infos et des photos\/vid\u00e9os des activit\u00e9s. Tout \u00e9tait remarquable ! Cl\u00e9ment veut bien s\u00fbr y retourner l\u2019ann\u00e9e prochaine !\n\t\t\t\t\t<\/div>\n\t\t\t<\/div>\n\t\t\t<div class=\"gb-entry gb-entry_127 gb-entry-count_2 gwolle_gb_even gwolle-gb-even\">\n\t\t\t\t\t<div class=\"gb-author-info\">\n\t\t\t\t\t\t<span class=\"gb-author-name\">Loris\n\t\t\t\t\t\t<\/span>\n\t\t\t\t\t\t<span class=\"gb-datetime\">\n\t\t\t\t\t\t\t<span class=\"gb-date\"><span class=\"gb-date-wrote-text\"> a \u00e9crit le<\/span><span class=\"gb-date-text\"> 1 septembre 2025<\/span>\n\t\t\t\t\t\t\t<\/span>\n\t\t\t\t\t\t<\/span> \n\t\t\t\t\t<\/div>\n\t\t\t\t\t<div class=\"gb-entry-content\">3\u00e8me stage \u00e0 SLC pour Loris. Il est encore une fois rentr\u00e9 enchant\u00e9 de son s\u00e9jour. Quelle chance de pouvoir pratiquer sa passion en colo entour\u00e9 d&#039;une \u00e9quipe d&#039;animation au top et de super copains. H\u00e2te de retrouver tout le monde l&#039;an prochain !\n\t\t\t\t\t<\/div>\n\t\t\t<\/div>\n\t\t\t<div class=\"gb-entry gb-entry_126 gb-entry-count_3 gwolle_gb_uneven gwolle-gb-uneven\">\n\t\t\t\t\t<div class=\"gb-author-info\">\n\t\t\t\t\t\t<span class=\"gb-author-name\">Coraboeuf Albane\n\t\t\t\t\t\t<\/span>\n\t\t\t\t\t\t<span class=\"gb-datetime\">\n\t\t\t\t\t\t\t<span class=\"gb-date\"><span class=\"gb-date-wrote-text\"> a \u00e9crit le<\/span><span class=\"gb-date-text\"> 31 ao\u00fbt 2025<\/span>\n\t\t\t\t\t\t\t<\/span>\n\t\t\t\t\t\t<\/span> \n\t\t\t\t\t<\/div>\n\t\t\t\t\t<div class=\"gb-entry-content\">super stage, animateurs super sympas, j&#039;ai h\u00e2te d&#039;\u00eatre l&#039;ann\u00e9e prochaine pour refaire le stage!\r\nPetits groupes d&#039;enfants et bon encadrement. Merci.\n\t\t\t\t\t<\/div>\n\t\t\t<\/div>\n\t\t\t<div class=\"gb-entry gb-entry_125 gb-entry-count_4 gwolle_gb_even gwolle-gb-even\">\n\t\t\t\t\t<div class=\"gb-author-info\">\n\t\t\t\t\t\t<span class=\"gb-author-name\">Pallez Adeline\n\t\t\t\t\t\t<\/span>\n\t\t\t\t\t\t<span class=\"gb-datetime\">\n\t\t\t\t\t\t\t<span class=\"gb-date\"><span class=\"gb-date-wrote-text\"> a \u00e9crit le<\/span><span class=\"gb-date-text\"> 31 ao\u00fbt 2025<\/span>\n\t\t\t\t\t\t\t<\/span>\n\t\t\t\t\t\t<\/span> \n\t\t\t\t\t<\/div>\n\t\t\t\t\t<div class=\"gb-entry-content\">Alix est revenue enchant\u00e9e! Un seul mot \u00e0 la bouche &#034;c \u00e9tait formidable&#034;...un grand merci a toute l&#039;\u00e9quipe des anim&#039;. Reposez vous bien.\n\t\t\t\t\t<\/div>\n\t\t\t<\/div>\n\t\t\t<div class=\"gb-entry gb-entry_124 gb-entry-count_5 gwolle_gb_uneven gwolle-gb-uneven\">\n\t\t\t\t\t<div class=\"gb-author-info\">\n\t\t\t\t\t\t<span class=\"gb-author-name\">Caroline Screve\n\t\t\t\t\t\t<\/span>\n\t\t\t\t\t\t<span class=\"gb-datetime\">\n\t\t\t\t\t\t\t<span class=\"gb-date\"><span class=\"gb-date-wrote-text\"> a \u00e9crit le<\/span><span class=\"gb-date-text\"> 30 ao\u00fbt 2025<\/span>\n\t\t\t\t\t\t\t<\/span>\n\t\t\t\t\t\t<\/span> \n\t\t\t\t\t<\/div>\n\t\t\t\t\t<div class=\"gb-entry-content\">2eme \u00e9dition pour Paul! Il reviendra l\u2019ann\u00e9e prochaine!\n\u00c9quipe motiv\u00e9e au top de l\u2019organisation, de l\u2019encadrement, de la communication avec les parents et les jeunes!\nEntra\u00eenements, activit\u00e9s et ambiance g\u00e9niales!\nA l\u2019ann\u00e9e prochaine !\n\t\t\t\t\t<\/div>\n\t\t\t<\/div>\n\t\t\t<div class=\"gb-entry gb-entry_123 gb-entry-count_6 gwolle_gb_even gwolle-gb-even\">\n\t\t\t\t\t<div class=\"gb-author-info\">\n\t\t\t\t\t\t<span class=\"gb-author-name\">Ogier\n\t\t\t\t\t\t<\/span>\n\t\t\t\t\t\t<span class=\"gb-datetime\">\n\t\t\t\t\t\t\t<span class=\"gb-date\"><span class=\"gb-date-wrote-text\"> a \u00e9crit le<\/span><span class=\"gb-date-text\"> 30 ao\u00fbt 2025<\/span>\n\t\t\t\t\t\t\t<\/span>\n\t\t\t\t\t\t<\/span> \n\t\t\t\t\t<\/div>\n\t\t\t\t\t<div class=\"gb-entry-content\">Bonjour. 2ieme ann\u00e9e de stage et a la question: est ce que tu veux y retourner, la r\u00e9ponse a ete: qui peut dire non. Tout est dit. Top semaine et pleins de souvenirs. Merci a tous.\n\t\t\t\t\t<\/div>\n\t\t\t<\/div>\n\t\t\t<div class=\"gb-entry gb-entry_122 gb-entry-count_7 gwolle_gb_uneven gwolle-gb-uneven\">\n\t\t\t\t\t<div class=\"gb-author-info\">\n\t\t\t\t\t\t<span class=\"gb-author-name\">Simon Libert\n\t\t\t\t\t\t<\/span>\n\t\t\t\t\t\t<span class=\"gb-datetime\">\n\t\t\t\t\t\t\t<span class=\"gb-date\"><span class=\"gb-date-wrote-text\"> a \u00e9crit le<\/span><span class=\"gb-date-text\"> 11 ao\u00fbt 2025<\/span>\n\t\t\t\t\t\t\t<\/span>\n\t\t\t\t\t\t<\/span> \n\t\t\t\t\t<\/div>\n\t\t\t\t\t<div class=\"gb-entry-content\">C&#039;est d\u00e9j\u00e0 la 2e fois que mon fils fait ce camps, et il lui est inconcevable de ne pas y retourner tant qu&#039;il le pourra, tous les ans. Y a t il plus belle preuve de la qualit\u00e9 de l&#039;accueil, des activit\u00e9s, de l&#039;esprit de cette colo??!!\n\t\t\t\t\t<\/div>\n\t\t\t<\/div>\n\t\t\t<div class=\"gb-entry gb-entry_121 gb-entry-count_8 gwolle_gb_even gwolle-gb-even\">\n\t\t\t\t\t<div class=\"gb-author-info\">\n\t\t\t\t\t\t<span class=\"gb-author-name\">Basile Bapteste fayolle\n\t\t\t\t\t\t<\/span>\n\t\t\t\t\t\t<span class=\"gb-datetime\">\n\t\t\t\t\t\t\t<span class=\"gb-date\"><span class=\"gb-date-wrote-text\"> a \u00e9crit le<\/span><span class=\"gb-date-text\"> 1 ao\u00fbt 2025<\/span>\n\t\t\t\t\t\t\t<\/span>\n\t\t\t\t\t\t<\/span> \n\t\t\t\t\t<\/div>\n\t\t\t\t\t<div class=\"gb-entry-content\">C\u2019est tr\u00e8s bien j\u2019ai pass\u00e9 une tr\u00e8s bonne semaine et les animateurs et les coachs sont tr\u00e8s sympa et tr\u00e8s gentils.\n\t\t\t\t\t<\/div>\n\t\t\t<\/div>\n\t\t\t<div class=\"gb-entry gb-entry_120 gb-entry-count_9 gwolle_gb_uneven gwolle-gb-uneven\">\n\t\t\t\t\t<div class=\"gb-author-info\">\n\t\t\t\t\t\t<span class=\"gb-author-name\">Chlo\u00e9 H\n\t\t\t\t\t\t<\/span>\n\t\t\t\t\t\t<span class=\"gb-datetime\">\n\t\t\t\t\t\t\t<span class=\"gb-date\"><span class=\"gb-date-wrote-text\"> a \u00e9crit le<\/span><span class=\"gb-date-text\"> 31 juillet 2025<\/span>\n\t\t\t\t\t\t\t<\/span>\n\t\t\t\t\t\t<\/span> \n\t\t\t\t\t<\/div>\n\t\t\t\t\t<div class=\"gb-entry-content\">Super stage !! C&#039;\u00e9tait trop g\u00e9nial. Beaucoup d&#039;\u00e9motions et supers souvenirs. \nLes animateurs sont g\u00e9niaux. Les veill\u00e9es incroyables ! Encore une semaine merveilleuse, h\u00e2te d&#039;\u00eatre \u00e0 l&#039;ann\u00e9e prochaine !!!\n\t\t\t\t\t<\/div>\n\t\t\t<\/div>\n\t\t\t<div class=\"gb-entry gb-entry_119 gb-entry-count_10 gwolle_gb_even gwolle-gb-even\">\n\t\t\t\t\t<div class=\"gb-author-info\">\n\t\t\t\t\t\t<span class=\"gb-author-name\">Capucine et Gaspard\n\t\t\t\t\t\t<\/span>\n\t\t\t\t\t\t<span class=\"gb-datetime\">\n\t\t\t\t\t\t\t<span class=\"gb-date\"><span class=\"gb-date-wrote-text\"> a \u00e9crit le<\/span><span class=\"gb-date-text\"> 26 juillet 2025<\/span>\n\t\t\t\t\t\t\t<\/span>\n\t\t\t\t\t\t<\/span> \n\t\t\t\t\t<\/div>\n\t\t\t\t\t<div class=\"gb-entry-content\">Une semaine merveilleuse pleine de souvenirs et d&#039;\u00e9motion. Une \u00e9quipe d&#039;encadrement vraiment aux petits soins et dynamique.  On signe pour l&#039;ann\u00e9e prochaine!\n\t\t\t\t\t<\/div>\n\t\t\t<\/div>\n\t\t\t<div class=\"gb-entry gb-entry_118 gb-entry-count_11 gwolle_gb_uneven gwolle-gb-uneven\">\n\t\t\t\t\t<div class=\"gb-author-info\">\n\t\t\t\t\t\t<span class=\"gb-author-name\">duranel Gabin\n\t\t\t\t\t\t<\/span>\n\t\t\t\t\t\t<span class=\"gb-datetime\">\n\t\t\t\t\t\t\t<span class=\"gb-date\"><span class=\"gb-date-wrote-text\"> a \u00e9crit le<\/span><span class=\"gb-date-text\"> 26 juillet 2025<\/span>\n\t\t\t\t\t\t\t<\/span>\n\t\t\t\t\t\t<\/span> \n\t\t\t\t\t<\/div>\n\t\t\t\t\t<div class=\"gb-entry-content\">pour un premier stage c&#039;\u00e9tait top, un savant m\u00e9lange entre sport et animations, de tr\u00e9s belle soir\u00e9es.\r\nje tiens \u00e0 remercier toute l&#039;\u00e9quipe: d&#039;encadrement, des infirmi\u00e8res, de communication, des animateurs et des entraineurs car ils ont permis de faire passer une semaine de dingue \u00e0 Gabin...\r\nA quand d&#039;autres stages sur d&#039;autres p\u00e9riodes???\r\nbravo pour votre investissement et votre enthousiasme au quotidien.\r\nFabien et Gabin\n\t\t\t\t\t<\/div>\n\t\t\t<\/div>\n\t\t\t<div class=\"gb-entry gb-entry_117 gb-entry-count_12 gwolle_gb_even gwolle-gb-even\">\n\t\t\t\t\t<div class=\"gb-author-info\">\n\t\t\t\t\t\t<span class=\"gb-author-name\">Gauthier barbe Eline\n\t\t\t\t\t\t<\/span>\n\t\t\t\t\t\t<span class=\"gb-datetime\">\n\t\t\t\t\t\t\t<span class=\"gb-date\"><span class=\"gb-date-wrote-text\"> a \u00e9crit le<\/span><span class=\"gb-date-text\"> 26 juillet 2025<\/span>\n\t\t\t\t\t\t\t<\/span>\n\t\t\t\t\t\t<\/span> \n\t\t\t\t\t<\/div>\n\t\t\t\t\t<div class=\"gb-entry-content\">Et encore une ann\u00e9e pleine de souvenirs et de bons moments pour Lison.\nMerci pour elle \ud83d\ude42\n\t\t\t\t\t<\/div>\n\t\t\t<\/div>\n\t\t\t<div class=\"gb-entry gb-entry_116 gb-entry-count_13 gwolle_gb_uneven gwolle-gb-uneven\">\n\t\t\t\t\t<div class=\"gb-author-info\">\n\t\t\t\t\t\t<span class=\"gb-author-name\">BAYON Mathieu\n\t\t\t\t\t\t<\/span>\n\t\t\t\t\t\t<span class=\"gb-datetime\">\n\t\t\t\t\t\t\t<span class=\"gb-date\"><span class=\"gb-date-wrote-text\"> a \u00e9crit le<\/span><span class=\"gb-date-text\"> 26 juillet 2025<\/span>\n\t\t\t\t\t\t\t<\/span>\n\t\t\t\t\t\t<\/span> \n\t\t\t\t\t<\/div>\n\t\t\t\t\t<div class=\"gb-entry-content\">Notre fille est revenue ravie, des \u00e9toiles plein les yeux ( apr\u00e8s un gros somme dans la voiture :)). Elle veut absolument revenir l&#039;ann\u00e9e prochaine. Tr\u00e8s belle coh\u00e9rence de stage ( programme, animation) r\u00e9alis\u00e9e par l&#039;\u00e9quipe. Bravo\n\t\t\t\t\t<\/div>\n\t\t\t<\/div>\n\t\t\t<div class=\"gb-entry gb-entry_115 gb-entry-count_14 gwolle_gb_even gwolle-gb-even\">\n\t\t\t\t\t<div class=\"gb-author-info\">\n\t\t\t\t\t\t<span class=\"gb-author-name\">Magalhaes Tiago\n\t\t\t\t\t\t<\/span>\n\t\t\t\t\t\t<span class=\"gb-datetime\">\n\t\t\t\t\t\t\t<span class=\"gb-date\"><span class=\"gb-date-wrote-text\"> a \u00e9crit le<\/span><span class=\"gb-date-text\"> 26 juillet 2025<\/span>\n\t\t\t\t\t\t\t<\/span>\n\t\t\t\t\t\t<\/span> \n\t\t\t\t\t<\/div>\n\t\t\t\t\t<div class=\"gb-entry-content\">Le stage \u00e9tait tr\u00e8s bien, toutes les activit\u00e9s aussi et les animateurs, coach tr\u00e8s sympa je reviendrai. \ud83d\ude09\n\t\t\t\t\t<\/div>\n\t\t\t<\/div>\n\t\t\t<div class=\"gb-entry gb-entry_114 gb-entry-count_15 gwolle_gb_uneven gwolle-gb-uneven\">\n\t\t\t\t\t<div class=\"gb-author-info\">\n\t\t\t\t\t\t<span class=\"gb-author-name\">Ma\u00eblan\n\t\t\t\t\t\t<\/span>\n\t\t\t\t\t\t<span class=\"gb-datetime\">\n\t\t\t\t\t\t\t<span class=\"gb-date\"><span class=\"gb-date-wrote-text\"> a \u00e9crit le<\/span><span class=\"gb-date-text\"> 26 juillet 2025<\/span>\n\t\t\t\t\t\t\t<\/span>\n\t\t\t\t\t\t<\/span> \n\t\t\t\t\t<\/div>\n\t\t\t\t\t<div class=\"gb-entry-content\">Mon fils est revenu de son premier stage, il est enchant\u00e9, il veut d\u00e9j\u00e0 y retourner l&#039;ann\u00e9e prochaine. Il a pass\u00e9 une semaine m\u00e9morable, les animateurs, entra\u00eeneurs sont au top.\n\t\t\t\t\t<\/div>\n\t\t\t<\/div>\n\t\t\t<\/div>\n\t\t\t\t<div class=\"page-navigation\">\n\t\t\t\t\t<span class=\"screen-reader-text\">Navigation dans la liste du livre d\u2019or<\/span><span class=\"page-numbers current\">1<\/span><a href=\"https:\/\/aura-handball.fr\/stages-vacances\/livre-dor?pageNum=2\" title=\"Page 2\">2<\/a><a href=\"https:\/\/aura-handball.fr\/stages-vacances\/livre-dor?pageNum=3\" title=\"Page 3\">3<\/a><a href=\"https:\/\/aura-handball.fr\/stages-vacances\/livre-dor?pageNum=4\" title=\"Page 4\">4<\/a><a href=\"https:\/\/aura-handball.fr\/stages-vacances\/livre-dor?pageNum=5\" title=\"Page 5\">5<\/a><span class=\"page-numbers dots\">...<\/span><a href=\"https:\/\/aura-handball.fr\/stages-vacances\/livre-dor?pageNum=9\" title=\"Page 9\">9<\/a><a href=\"https:\/\/aura-handball.fr\/stages-vacances\/livre-dor?pageNum=2\" title=\"Page suivante\" rel=\"next\">&rarr;<\/a><\/div>\n\t\t<\/div>[\/vc_column_text][dfd_spacer screen_wide_spacer_size=\u00a0\u00bb20&Prime; screen_normal_resolution=\u00a0\u00bb1024&Prime; screen_tablet_resolution=\u00a0\u00bb800&Prime; screen_mobile_resolution=\u00a0\u00bb480&Prime; screen_normal_spacer_size=\u00a0\u00bb60&Prime;][\/vc_column][vc_column width=\u00a0\u00bb1\/4&Prime; css=\u00a0\u00bb.vc_custom_1530025584676{padding-top: 3% !important;padding-left: 3% !important;}\u00a0\u00bb col_shadow=\u00a0\u00bbbox_shadow_enable:disable|shadow_horizontal:0|shadow_vertical:15|shadow_blur:50|shadow_spread:0|box_shadow_color:rgba(0%2C0%2C0%2C0.35)\u00a0\u00bb col_shadow_hover=\u00a0\u00bbbox_shadow_enable:disable|shadow_horizontal:0|shadow_vertical:15|shadow_blur:50|shadow_spread:0|box_shadow_color:rgba(0%2C0%2C0%2C0.35)\u00a0\u00bb][vc_widget_sidebar sidebar_id=\u00a0\u00bbsidebar-left\u00a0\u00bb][dfd_spacer screen_wide_spacer_size=\u00a0\u00bb10&Prime; screen_normal_resolution=\u00a0\u00bb1024&Prime; screen_tablet_resolution=\u00a0\u00bb800&Prime; screen_mobile_resolution=\u00a0\u00bb480&Prime;][\/vc_column][\/vc_row]<\/p>\n","protected":false},"excerpt":{"rendered":"<p>[vc_row bg_check=\u00a0\u00bbrow-background-dark\u00a0\u00bb dfd_bg_style=\u00a0\u00bbimage\u00a0\u00bb dfd_parallax_style=\u00a0\u00bbdfd_vertical_parallax\u00a0\u00bb dfd_bg_image_new=\u00a0\u00bb570&Prime; dfd_bg_image_repeat=\u00a0\u00bbno-repeat\u00a0\u00bb dfd_bg_image_position=\u00a0\u00bbcenter bottom\u00a0\u00bb dfd_bg_image_new_responsive=\u00a0\u00bb23043&Prime; dfd_enable_overlay=\u00a0\u00bbyes\u00a0\u00bb dfd_overlay_color=\u00a0\u00bbrgba(0,0,0,0.22)\u00a0\u00bb dfd_overlay_pattern=\u00a0\u00bb01.png\u00a0\u00bb dfd_row_responsive_enable=\u00a0\u00bbdfd-row-responsive-enable\u00a0\u00bb responsive_styles=\u00a0\u00bbpadding_left_desktop:10|padding_right_desktop:10|padding_left_tablet:10|padding_right_tablet:10|padding_left_mobile:20|padding_right_mobile:20&Prime;][vc_column col_shadow=\u00a0\u00bbbox_shadow_enable:disable|shadow_horizontal:0|shadow_vertical:15|shadow_blur:50|shadow_spread:0|box_shadow_color:rgba(0%2C0%2C0%2C0.35)\u00a0\u00bb col_shadow_hover=\u00a0\u00bbbox_shadow_enable:disable|shadow_horizontal:0|shadow_vertical:15|shadow_blur:50|shadow_spread:0|box_shadow_color:rgba(0%2C0%2C0%2C0.35)\u00a0\u00bb][dfd_spacer screen_wide_spacer_size=\u00a0\u00bb80&Prime; screen_normal_resolution=\u00a0\u00bb1280&Prime; screen_tablet_resolution=\u00a0\u00bb1024&Prime; screen_mobile_resolution=\u00a0\u00bb800&Prime; screen_normal_spacer_size=\u00a0\u00bb60&Prime; screen_tablet_spacer_size=\u00a0\u00bb40&Prime; screen_mobile_spacer_size=\u00a0\u00bb40&Prime;][dfd_heading subtitle=\u00a0\u00bb\u00a0\u00bb module_animation=\u00a0\u00bbtransition.expandIn\u00a0\u00bb enable_delimiter=\u00a0\u00bb\u00a0\u00bb undefined=\u00a0\u00bb\u00a0\u00bb title_font_options=\u00a0\u00bbtag:h2|font_size:35|line_height:44|letter_spacing:1&Prime; subtitle_font_options=\u00a0\u00bbtag:h3|font_size:18|color:%23ffffff|letter_spacing:1&Prime; title_responsive=\u00a0\u00bbfont_size_tablet:36|line_height_tablet:48|font_size_mobile:28|line_height_mobile:38&Prime;]Livre<\/p>\n","protected":false},"author":1,"featured_media":0,"parent":0,"menu_order":4,"comment_status":"closed","ping_status":"closed","template":"tmp-page.php","meta":[],"_links":{"self":[{"href":"https:\/\/aura-handball.fr\/stages-vacances\/wp-json\/wp\/v2\/pages\/580"}],"collection":[{"href":"https:\/\/aura-handball.fr\/stages-vacances\/wp-json\/wp\/v2\/pages"}],"about":[{"href":"https:\/\/aura-handball.fr\/stages-vacances\/wp-json\/wp\/v2\/types\/page"}],"author":[{"embeddable":true,"href":"https:\/\/aura-handball.fr\/stages-vacances\/wp-json\/wp\/v2\/users\/1"}],"replies":[{"embeddable":true,"href":"https:\/\/aura-handball.fr\/stages-vacances\/wp-json\/wp\/v2\/comments?post=580"}],"version-history":[{"count":7,"href":"https:\/\/aura-handball.fr\/stages-vacances\/wp-json\/wp\/v2\/pages\/580\/revisions"}],"predecessor-version":[{"id":14106,"href":"https:\/\/aura-handball.fr\/stages-vacances\/wp-json\/wp\/v2\/pages\/580\/revisions\/14106"}],"wp:attachment":[{"href":"https:\/\/aura-handball.fr\/stages-vacances\/wp-json\/wp\/v2\/media?parent=580"}],"curies":[{"name":"wp","href":"https:\/\/api.w.org\/{rel}","templated":true}]}}