{"id":425,"date":"2019-06-20T13:55:14","date_gmt":"2019-06-20T13:55:14","guid":{"rendered":"http:\/\/aura-handball.fr\/stages-vacances\/?page_id=425"},"modified":"2020-01-20T10:57:47","modified_gmt":"2020-01-20T10:57:47","slug":"inscriptions-monistrol","status":"publish","type":"page","link":"https:\/\/aura-handball.fr\/stages-vacances\/inscriptions-monistrol","title":{"rendered":"Inscriptions Monistrol"},"content":{"rendered":"<p>[vc_row bg_check=\u00a0\u00bbrow-background-dark\u00a0\u00bb dfd_bg_style=\u00a0\u00bbimage\u00a0\u00bb dfd_parallax_style=\u00a0\u00bbdfd_vertical_parallax\u00a0\u00bb dfd_bg_image_new=\u00a0\u00bb302&Prime; dfd_bg_image_repeat=\u00a0\u00bbno-repeat\u00a0\u00bb dfd_bg_image_position=\u00a0\u00bbcenter top\u00a0\u00bb dfd_bg_image_new_responsive=\u00a0\u00bb23043&Prime; dfd_enable_overlay=\u00a0\u00bbyes\u00a0\u00bb dfd_overlay_color=\u00a0\u00bbrgba(0,0,0,0.22)\u00a0\u00bb dfd_overlay_pattern=\u00a0\u00bb01.png\u00a0\u00bb dfd_row_responsive_enable=\u00a0\u00bbdfd-row-responsive-enable\u00a0\u00bb responsive_styles=\u00a0\u00bbpadding_left_desktop:10|padding_right_desktop:10|padding_left_tablet:10|padding_right_tablet:10|padding_left_mobile:20|padding_right_mobile:20&Prime;][vc_column col_shadow=\u00a0\u00bbbox_shadow_enable:disable|shadow_horizontal:0|shadow_vertical:15|shadow_blur:50|shadow_spread:0|box_shadow_color:rgba(0%2C0%2C0%2C0.35)\u00a0\u00bb col_shadow_hover=\u00a0\u00bbbox_shadow_enable:disable|shadow_horizontal:0|shadow_vertical:15|shadow_blur:50|shadow_spread:0|box_shadow_color:rgba(0%2C0%2C0%2C0.35)\u00a0\u00bb][dfd_spacer screen_wide_spacer_size=\u00a0\u00bb80&Prime; screen_normal_resolution=\u00a0\u00bb1280&Prime; screen_tablet_resolution=\u00a0\u00bb1024&Prime; screen_mobile_resolution=\u00a0\u00bb800&Prime; screen_normal_spacer_size=\u00a0\u00bb60&Prime; screen_tablet_spacer_size=\u00a0\u00bb40&Prime; screen_mobile_spacer_size=\u00a0\u00bb40&Prime;][dfd_heading subtitle=\u00a0\u00bb\u00a0\u00bb module_animation=\u00a0\u00bbtransition.expandIn\u00a0\u00bb enable_delimiter=\u00a0\u00bb\u00a0\u00bb undefined=\u00a0\u00bb\u00a0\u00bb title_font_options=\u00a0\u00bbtag:h2|font_size:35|line_height:44|letter_spacing:1&Prime; subtitle_font_options=\u00a0\u00bbtag:h3|font_size:18|color:%23ffffff|letter_spacing:1&Prime; title_responsive=\u00a0\u00bbfont_size_tablet:36|line_height_tablet:48|font_size_mobile:28|line_height_mobile:38&Prime;]Stage de Monistrol[\/dfd_heading][dfd_spacer screen_wide_spacer_size=\u00a0\u00bb140&Prime; screen_normal_resolution=\u00a0\u00bb1280&Prime; screen_tablet_resolution=\u00a0\u00bb1024&Prime; screen_mobile_resolution=\u00a0\u00bb800&Prime; screen_normal_spacer_size=\u00a0\u00bb100&Prime; screen_tablet_spacer_size=\u00a0\u00bb60&Prime; screen_mobile_spacer_size=\u00a0\u00bb100&Prime;][\/vc_column][\/vc_row][vc_row dfd_row_responsive_enable=\u00a0\u00bbdfd-row-responsive-enable\u00a0\u00bb responsive_styles=\u00a0\u00bbpadding_left_desktop:20|padding_right_desktop:20|padding_left_tablet:20|padding_right_tablet:20|padding_left_mobile:20|padding_right_mobile:20&Prime;][vc_column width=\u00a0\u00bb3\/4&Prime; css=\u00a0\u00bb.vc_custom_1530025651357{margin-top: -80px !important;padding-top: 3% !important;padding-right: 4% !important;padding-bottom: 4% !important;padding-left: 4% !important;background-color: #ffffff !important;background-position: center !important;background-repeat: no-repeat !important;background-size: cover !important;}\u00a0\u00bb col_shadow=\u00a0\u00bbbox_shadow_enable:enable|shadow_horizontal:0|shadow_vertical:30|shadow_blur:120|shadow_spread:0|box_shadow_color:rgba(0%2C0%2C0%2C0.25)\u00a0\u00bb col_shadow_hover=\u00a0\u00bbbox_shadow_enable:enable|shadow_horizontal:0|shadow_vertical:30|shadow_blur:120|shadow_spread:0|box_shadow_color:rgba(0%2C0%2C0%2C0.25)\u00a0\u00bb][vc_row_inner][vc_column_inner][dfd_heading subtitle=\u00a0\u00bb\u00a0\u00bb content_alignment=\u00a0\u00bbtext-left\u00a0\u00bb delimiter_settings=\u00a0\u00bbdelimiter_style:solid|delimiter_width:80|delimiter_height:1&Prime; title_font_options=\u00a0\u00bbtag:h2|font_size:28|color:%239b1614&Prime; subtitle_font_options=\u00a0\u00bbtag:div\u00a0\u00bb]Se pr\u00e9-inscire au stage de Monistrol-sur-Loire[\/dfd_heading][\/vc_column_inner][\/vc_row_inner][dfd_spacer screen_wide_spacer_size=\u00a0\u00bb20&Prime; screen_normal_resolution=\u00a0\u00bb1024&Prime; screen_tablet_resolution=\u00a0\u00bb800&Prime; screen_mobile_resolution=\u00a0\u00bb480&Prime; screen_normal_spacer_size=\u00a0\u00bb60&Prime;][vc_column_text]Le nombre de places est limit\u00e9, faites vite !<\/p>\n<p>ATTENTION : il vous sera demand\u00e9 une adresse mail lors de votre inscription. Si vous ne recevez pas le mail de confirmation contenant le lien de t\u00e9l\u00e9chargement du dossier, v\u00e9rifiez dans vos spams et sinon contactez J\u00e9r\u00e9my R\u00e9ault (<a href=\"mailto:5100000.jreault@ffhandball.net\">5100000.jreault@ffhandball.net<\/a>) seulement apr\u00e8s avoir valid\u00e9 votre pr\u00e9-inscription en ligne ci-dessous.[\/vc_column_text][dfd_spacer screen_wide_spacer_size=\u00a0\u00bb20&Prime; screen_normal_resolution=\u00a0\u00bb1024&Prime; screen_tablet_resolution=\u00a0\u00bb800&Prime; screen_mobile_resolution=\u00a0\u00bb480&Prime; screen_normal_spacer_size=\u00a0\u00bb60&Prime;][dfd_button button_text=\u00a0\u00bbSe pr\u00e9-inscrire au stage de Monistrol\u00a0\u00bb main_style=\u00a0\u00bbstyle-2&Prime; buttom_link_src=\u00a0\u00bburl:https%3A%2F%2Fforms.gle%2FxvsGqUnfM5KnpXWp6||target:%20_blank|\u00a0\u00bb hover_text_color=\u00a0\u00bb#1a3e71&Prime; box_shadow=\u00a0\u00bbbox_shadow_enable:disable|shadow_horizontal:0|shadow_vertical:15|shadow_blur:50|shadow_spread:0|box_shadow_color:rgba(0%2C0%2C0%2C0.35)\u00a0\u00bb hover_box_shadow=\u00a0\u00bbbox_shadow_enable:disable|shadow_horizontal:0|shadow_vertical:15|shadow_blur:50|shadow_spread:0|box_shadow_color:rgba(0%2C0%2C0%2C0.35)\u00a0\u00bb][dfd_spacer screen_wide_spacer_size=\u00a0\u00bb20&Prime; screen_normal_resolution=\u00a0\u00bb1024&Prime; screen_tablet_resolution=\u00a0\u00bb800&Prime; screen_mobile_resolution=\u00a0\u00bb480&Prime; screen_normal_spacer_size=\u00a0\u00bb60&Prime;][vc_column_text]<\/p>\n<h6>Contact<\/h6>\n<p><strong>J\u00e9r\u00e9my R\u00c9AULT<br \/>\n<\/strong>06 48 23 13 21<br \/>\n<a href=\"mailto:5100000.jreault@ffhandball.net\">5100000.jreault@ffhandball.net<\/a>[\/vc_column_text][\/vc_column][vc_column width=\u00a0\u00bb1\/4&Prime; css=\u00a0\u00bb.vc_custom_1530025584676{padding-top: 3% !important;padding-left: 3% !important;}\u00a0\u00bb col_shadow=\u00a0\u00bbbox_shadow_enable:disable|shadow_horizontal:0|shadow_vertical:15|shadow_blur:50|shadow_spread:0|box_shadow_color:rgba(0%2C0%2C0%2C0.35)\u00a0\u00bb col_shadow_hover=\u00a0\u00bbbox_shadow_enable:disable|shadow_horizontal:0|shadow_vertical:15|shadow_blur:50|shadow_spread:0|box_shadow_color:rgba(0%2C0%2C0%2C0.35)\u00a0\u00bb][vc_widget_sidebar sidebar_id=\u00a0\u00bbsd521_235etf\u00a0\u00bb][dfd_spacer screen_wide_spacer_size=\u00a0\u00bb10&Prime; screen_normal_resolution=\u00a0\u00bb1024&Prime; screen_tablet_resolution=\u00a0\u00bb800&Prime; screen_mobile_resolution=\u00a0\u00bb480&Prime;][\/vc_column][\/vc_row][vc_row bg_check=\u00a0\u00bbrow-background-dark\u00a0\u00bb dfd_bg_style=\u00a0\u00bbimage\u00a0\u00bb dfd_parallax_style=\u00a0\u00bbdfd_vertical_parallax\u00a0\u00bb dfd_bg_image_new=\u00a0\u00bb302&Prime; dfd_bg_image_repeat=\u00a0\u00bbno-repeat\u00a0\u00bb dfd_bg_image_position=\u00a0\u00bbcenter top\u00a0\u00bb dfd_bg_image_new_responsive=\u00a0\u00bb23043&Prime; dfd_enable_overlay=\u00a0\u00bbyes\u00a0\u00bb dfd_overlay_color=\u00a0\u00bbrgba(0,0,0,0.22)\u00a0\u00bb dfd_overlay_pattern=\u00a0\u00bb01.png\u00a0\u00bb dfd_row_responsive_enable=\u00a0\u00bbdfd-row-responsive-enable\u00a0\u00bb responsive_styles=\u00a0\u00bbpadding_left_desktop:10|padding_right_desktop:10|padding_left_tablet:10|padding_right_tablet:10|padding_left_mobile:20|padding_right_mobile:20&Prime;][vc_column col_shadow=\u00a0\u00bbbox_shadow_enable:disable|shadow_horizontal:0|shadow_vertical:15|shadow_blur:50|shadow_spread:0|box_shadow_color:rgba(0%2C0%2C0%2C0.35)\u00a0\u00bb col_shadow_hover=\u00a0\u00bbbox_shadow_enable:disable|shadow_horizontal:0|shadow_vertical:15|shadow_blur:50|shadow_spread:0|box_shadow_color:rgba(0%2C0%2C0%2C0.35)\u00a0\u00bb][dfd_spacer screen_wide_spacer_size=\u00a0\u00bb80&Prime; screen_normal_resolution=\u00a0\u00bb1280&Prime; screen_tablet_resolution=\u00a0\u00bb1024&Prime; screen_mobile_resolution=\u00a0\u00bb800&Prime; screen_normal_spacer_size=\u00a0\u00bb60&Prime; screen_tablet_spacer_size=\u00a0\u00bb40&Prime; screen_mobile_spacer_size=\u00a0\u00bb40&Prime;][dfd_heading subtitle=\u00a0\u00bb\u00a0\u00bb module_animation=\u00a0\u00bbtransition.expandIn\u00a0\u00bb enable_delimiter=\u00a0\u00bb\u00a0\u00bb undefined=\u00a0\u00bb\u00a0\u00bb title_font_options=\u00a0\u00bbtag:h2|font_size:35|line_height:44|letter_spacing:1&Prime; subtitle_font_options=\u00a0\u00bbtag:h3|font_size:18|color:%23ffffff|letter_spacing:1&Prime; title_responsive=\u00a0\u00bbfont_size_tablet:36|line_height_tablet:48|font_size_mobile:28|line_height_mobile:38&Prime;]Stage de Monistrol[\/dfd_heading][dfd_spacer screen_wide_spacer_size=\u00a0\u00bb140&Prime; screen_normal_resolution=\u00a0\u00bb1280&Prime; screen_tablet_resolution=\u00a0\u00bb1024&Prime; screen_mobile_resolution=\u00a0\u00bb800&Prime; screen_normal_spacer_size=\u00a0\u00bb100&Prime; screen_tablet_spacer_size=\u00a0\u00bb60&Prime; screen_mobile_spacer_size=\u00a0\u00bb100&Prime;][\/vc_column][\/vc_row][vc_row dfd_row_responsive_enable=\u00a0\u00bbdfd-row-responsive-enable\u00a0\u00bb responsive_styles=\u00a0\u00bbpadding_left_desktop:20|padding_right_desktop:20|padding_left_tablet:20|padding_right_tablet:20|padding_left_mobile:20|padding_right_mobile:20&Prime;][vc_column width=\u00a0\u00bb3\/4&Prime; css=\u00a0\u00bb.vc_custom_1530025651357{margin-top: -80px !important;padding-top: 3% !important;padding-right: 4% !important;padding-bottom: 4% !important;padding-left: 4% !important;background-color: #ffffff !important;background-position: center !important;background-repeat: no-repeat !important;background-size: cover !important;}\u00a0\u00bb col_shadow=\u00a0\u00bbbox_shadow_enable:enable|shadow_horizontal:0|shadow_vertical:30|shadow_blur:120|shadow_spread:0|box_shadow_color:rgba(0%2C0%2C0%2C0.25)\u00a0\u00bb col_shadow_hover=\u00a0\u00bbbox_shadow_enable:enable|shadow_horizontal:0|shadow_vertical:30|shadow_blur:120|shadow_spread:0|box_shadow_color:rgba(0%2C0%2C0%2C0.25)\u00a0\u00bb][vc_row_inner][vc_column_inner][dfd_heading subtitle=\u00a0\u00bb\u00a0\u00bb content_alignment=\u00a0\u00bbtext-left\u00a0\u00bb delimiter_settings=\u00a0\u00bbdelimiter_style:solid|delimiter_width:80|delimiter_height:1&Prime; title_font_options=\u00a0\u00bbtag:h2|font_size:28|color:%239b1614&Prime; subtitle_font_options=\u00a0\u00bbtag:div\u00a0\u00bb]Bienvenue \u00e0 Monistrol-sur-Loire[\/dfd_heading][\/vc_column_inner][\/vc_row_inner][dfd_spacer screen_wide_spacer_size=\u00a0\u00bb20&Prime; screen_normal_resolution=\u00a0\u00bb1024&Prime; screen_tablet_resolution=\u00a0\u00bb800&Prime; screen_mobile_resolution=\u00a0\u00bb480&Prime; screen_normal_spacer_size=\u00a0\u00bb60&Prime;][vc_column_text]Lorem ipsum dolor sit amet, consectetur adipiscing elit. Pellentesque porta ultricies libero sed bibendum. Morbi egestas est hendrerit mauris volutpat fringilla. Etiam bibendum augue vitae diam facilisis egestas. Integer eget tempor neque, eu dignissim dui. Curabitur lobortis maximus est at congue. Cras placerat, orci vitae egestas suscipit, lorem dolor ullamcorper mi, at iaculis magna magna eget odio. Suspendisse potenti. In hac habitasse platea dictumst. Phasellus ac metus quis lacus euismod suscipit. Sed tempus odio diam, vel porttitor lacus sollicitudin ac. Suspendisse potenti. Donec eu metus suscipit ante rutrum rutrum eu vitae eros. Nulla a arcu nisl.<\/p>\n<p>Nunc finibus ac diam non tincidunt. Fusce interdum nunc sed nibh euismod, eu sagittis enim volutpat. Mauris aliquet interdum ex. Nulla id arcu ornare, hendrerit purus sed, euismod mi. Etiam nec nibh consectetur, maximus leo sed, tempor neque. Phasellus dapibus augue sit amet magna pretium, quis dapibus nisl fermentum. Phasellus ipsum nisi, eleifend eget tempus a, condimentum non ante. Aliquam placerat maximus malesuada. Pellentesque cursus, turpis ac dapibus auctor, ligula arcu porta dui, sed volutpat enim lorem ut nulla. Etiam dui lacus, volutpat in mi eu, malesuada tristique lorem. Phasellus lectus justo, fermentum eu ultrices vitae, vestibulum eu nulla. Maecenas sit amet urna nunc. Ut ut viverra tortor. Nunc sagittis arcu quis risus condimentum, ut blandit leo semper. Praesent maximus sodales urna, et sollicitudin metus malesuada sed. Integer placerat urna sed dignissim consequat.<\/p>\n<p>Fusce in sollicitudin purus, commodo scelerisque neque. Nullam sit amet eros ut diam volutpat luctus. Etiam lorem dui, vulputate a cursus nec, scelerisque eget orci. Praesent fringilla a elit in suscipit. Aliquam erat volutpat. Ut justo orci, mollis vel enim eu, sodales tincidunt dui. Pellentesque ornare orci purus, eleifend ultricies tellus consequat vel. Mauris mollis sem in pellentesque accumsan. Etiam at lobortis risus. Mauris vel ullamcorper purus, a luctus nisl. Quisque ac faucibus velit, eu fermentum eros. Vestibulum euismod tellus vitae arcu luctus aliquam.[\/vc_column_text][dfd_spacer screen_wide_spacer_size=\u00a0\u00bb20&Prime; screen_normal_resolution=\u00a0\u00bb1024&Prime; screen_tablet_resolution=\u00a0\u00bb800&Prime; screen_mobile_resolution=\u00a0\u00bb480&Prime; screen_normal_spacer_size=\u00a0\u00bb60&Prime;][\/vc_column][vc_column width=\u00a0\u00bb1\/4&Prime; css=\u00a0\u00bb.vc_custom_1530025584676{padding-top: 3% !important;padding-left: 3% !important;}\u00a0\u00bb col_shadow=\u00a0\u00bbbox_shadow_enable:disable|shadow_horizontal:0|shadow_vertical:15|shadow_blur:50|shadow_spread:0|box_shadow_color:rgba(0%2C0%2C0%2C0.35)\u00a0\u00bb col_shadow_hover=\u00a0\u00bbbox_shadow_enable:disable|shadow_horizontal:0|shadow_vertical:15|shadow_blur:50|shadow_spread:0|box_shadow_color:rgba(0%2C0%2C0%2C0.35)\u00a0\u00bb][vc_widget_sidebar sidebar_id=\u00a0\u00bbsd521_235etf\u00a0\u00bb][dfd_spacer screen_wide_spacer_size=\u00a0\u00bb10&Prime; screen_normal_resolution=\u00a0\u00bb1024&Prime; screen_tablet_resolution=\u00a0\u00bb800&Prime; screen_mobile_resolution=\u00a0\u00bb480&Prime;][\/vc_column][\/vc_row]<\/p>\n","protected":false},"excerpt":{"rendered":"<p>[vc_row bg_check=\u00a0\u00bbrow-background-dark\u00a0\u00bb dfd_bg_style=\u00a0\u00bbimage\u00a0\u00bb dfd_parallax_style=\u00a0\u00bbdfd_vertical_parallax\u00a0\u00bb dfd_bg_image_new=\u00a0\u00bb302&Prime; dfd_bg_image_repeat=\u00a0\u00bbno-repeat\u00a0\u00bb dfd_bg_image_position=\u00a0\u00bbcenter top\u00a0\u00bb dfd_bg_image_new_responsive=\u00a0\u00bb23043&Prime; dfd_enable_overlay=\u00a0\u00bbyes\u00a0\u00bb dfd_overlay_color=\u00a0\u00bbrgba(0,0,0,0.22)\u00a0\u00bb dfd_overlay_pattern=\u00a0\u00bb01.png\u00a0\u00bb dfd_row_responsive_enable=\u00a0\u00bbdfd-row-responsive-enable\u00a0\u00bb responsive_styles=\u00a0\u00bbpadding_left_desktop:10|padding_right_desktop:10|padding_left_tablet:10|padding_right_tablet:10|padding_left_mobile:20|padding_right_mobile:20&Prime;][vc_column col_shadow=\u00a0\u00bbbox_shadow_enable:disable|shadow_horizontal:0|shadow_vertical:15|shadow_blur:50|shadow_spread:0|box_shadow_color:rgba(0%2C0%2C0%2C0.35)\u00a0\u00bb col_shadow_hover=\u00a0\u00bbbox_shadow_enable:disable|shadow_horizontal:0|shadow_vertical:15|shadow_blur:50|shadow_spread:0|box_shadow_color:rgba(0%2C0%2C0%2C0.35)\u00a0\u00bb][dfd_spacer screen_wide_spacer_size=\u00a0\u00bb80&Prime; screen_normal_resolution=\u00a0\u00bb1280&Prime; screen_tablet_resolution=\u00a0\u00bb1024&Prime; screen_mobile_resolution=\u00a0\u00bb800&Prime; screen_normal_spacer_size=\u00a0\u00bb60&Prime; screen_tablet_spacer_size=\u00a0\u00bb40&Prime; screen_mobile_spacer_size=\u00a0\u00bb40&Prime;][dfd_heading subtitle=\u00a0\u00bb\u00a0\u00bb module_animation=\u00a0\u00bbtransition.expandIn\u00a0\u00bb enable_delimiter=\u00a0\u00bb\u00a0\u00bb undefined=\u00a0\u00bb\u00a0\u00bb title_font_options=\u00a0\u00bbtag:h2|font_size:35|line_height:44|letter_spacing:1&Prime; subtitle_font_options=\u00a0\u00bbtag:h3|font_size:18|color:%23ffffff|letter_spacing:1&Prime; title_responsive=\u00a0\u00bbfont_size_tablet:36|line_height_tablet:48|font_size_mobile:28|line_height_mobile:38&Prime;]Stage<\/p>\n","protected":false},"author":2,"featured_media":0,"parent":0,"menu_order":0,"comment_status":"closed","ping_status":"closed","template":"tmp-page.php","meta":[],"_links":{"self":[{"href":"https:\/\/aura-handball.fr\/stages-vacances\/wp-json\/wp\/v2\/pages\/425"}],"collection":[{"href":"https:\/\/aura-handball.fr\/stages-vacances\/wp-json\/wp\/v2\/pages"}],"about":[{"href":"https:\/\/aura-handball.fr\/stages-vacances\/wp-json\/wp\/v2\/types\/page"}],"author":[{"embeddable":true,"href":"https:\/\/aura-handball.fr\/stages-vacances\/wp-json\/wp\/v2\/users\/2"}],"replies":[{"embeddable":true,"href":"https:\/\/aura-handball.fr\/stages-vacances\/wp-json\/wp\/v2\/comments?post=425"}],"version-history":[{"count":17,"href":"https:\/\/aura-handball.fr\/stages-vacances\/wp-json\/wp\/v2\/pages\/425\/revisions"}],"predecessor-version":[{"id":3333,"href":"https:\/\/aura-handball.fr\/stages-vacances\/wp-json\/wp\/v2\/pages\/425\/revisions\/3333"}],"wp:attachment":[{"href":"https:\/\/aura-handball.fr\/stages-vacances\/wp-json\/wp\/v2\/media?parent=425"}],"curies":[{"name":"wp","href":"https:\/\/api.w.org\/{rel}","templated":true}]}}