{"id":3500,"date":"2021-01-22T10:33:52","date_gmt":"2021-01-22T10:33:52","guid":{"rendered":"http:\/\/aura-handball.fr\/stages-vacances\/?page_id=3500"},"modified":"2026-04-10T13:01:40","modified_gmt":"2026-04-10T13:01:40","slug":"presentation","status":"publish","type":"page","link":"https:\/\/aura-handball.fr\/stages-vacances\/stage-st-laurent-de-chamousset\/presentation","title":{"rendered":"Pr\u00e9sentation SLC"},"content":{"rendered":"<p>[vc_row bg_check=\u00a0\u00bbrow-background-dark\u00a0\u00bb dfd_enable_overlay=\u00a0\u00bbyes\u00a0\u00bb dfd_overlay_color=\u00a0\u00bb#9b1614&Prime; dfd_overlay_pattern=\u00a0\u00bbtransperant\u00a0\u00bb dfd_overlay_pattern_opacity=\u00a0\u00bb100&Prime; dfd_row_responsive_enable=\u00a0\u00bbdfd-row-responsive-enable\u00a0\u00bb responsive_styles=\u00a0\u00bbpadding_left_desktop:10|padding_right_desktop:10|padding_left_tablet:10|padding_right_tablet:10|padding_left_mobile:20|padding_right_mobile:20&Prime;][vc_column col_shadow=\u00a0\u00bbbox_shadow_enable:disable|shadow_horizontal:0|shadow_vertical:15|shadow_blur:50|shadow_spread:0|box_shadow_color:rgba(0%2C0%2C0%2C0.35)\u00a0\u00bb col_shadow_hover=\u00a0\u00bbbox_shadow_enable:disable|shadow_horizontal:0|shadow_vertical:15|shadow_blur:50|shadow_spread:0|box_shadow_color:rgba(0%2C0%2C0%2C0.35)\u00a0\u00bb][dfd_spacer screen_wide_spacer_size=\u00a0\u00bb80&Prime; screen_normal_resolution=\u00a0\u00bb1280&Prime; screen_tablet_resolution=\u00a0\u00bb1024&Prime; screen_mobile_resolution=\u00a0\u00bb800&Prime; screen_normal_spacer_size=\u00a0\u00bb60&Prime; screen_tablet_spacer_size=\u00a0\u00bb40&Prime; screen_mobile_spacer_size=\u00a0\u00bb40&Prime;][dfd_heading subtitle=\u00a0\u00bb\u00a0\u00bb module_animation=\u00a0\u00bbtransition.expandIn\u00a0\u00bb enable_delimiter=\u00a0\u00bb\u00a0\u00bb undefined=\u00a0\u00bb\u00a0\u00bb title_font_options=\u00a0\u00bbtag:h2|font_size:35|line_height:44|letter_spacing:1&Prime; subtitle_font_options=\u00a0\u00bbtag:h3|font_size:18|color:%23ffffff|letter_spacing:1&Prime; title_responsive=\u00a0\u00bbfont_size_tablet:36|line_height_tablet:48|font_size_mobile:28|line_height_mobile:38&Prime;]Stage de Saint-Laurent-de-Chamousset[\/dfd_heading][dfd_spacer screen_wide_spacer_size=\u00a0\u00bb140&Prime; screen_normal_resolution=\u00a0\u00bb1280&Prime; screen_tablet_resolution=\u00a0\u00bb1024&Prime; screen_mobile_resolution=\u00a0\u00bb800&Prime; screen_normal_spacer_size=\u00a0\u00bb100&Prime; screen_tablet_spacer_size=\u00a0\u00bb60&Prime; screen_mobile_spacer_size=\u00a0\u00bb100&Prime;][\/vc_column][\/vc_row][vc_row dfd_row_responsive_enable=\u00a0\u00bbdfd-row-responsive-enable\u00a0\u00bb responsive_styles=\u00a0\u00bbpadding_left_desktop:20|padding_right_desktop:20|padding_left_tablet:20|padding_right_tablet:20|padding_left_mobile:20|padding_right_mobile:20&Prime;][vc_column width=\u00a0\u00bb3\/4&Prime; css=\u00a0\u00bb.vc_custom_1530025651357{margin-top: -80px !important;padding-top: 3% !important;padding-right: 4% !important;padding-bottom: 4% !important;padding-left: 4% !important;background-color: #ffffff !important;background-position: center !important;background-repeat: no-repeat !important;background-size: cover !important;}\u00a0\u00bb col_shadow=\u00a0\u00bbbox_shadow_enable:enable|shadow_horizontal:0|shadow_vertical:30|shadow_blur:120|shadow_spread:0|box_shadow_color:rgba(0%2C0%2C0%2C0.25)\u00a0\u00bb col_shadow_hover=\u00a0\u00bbbox_shadow_enable:enable|shadow_horizontal:0|shadow_vertical:30|shadow_blur:120|shadow_spread:0|box_shadow_color:rgba(0%2C0%2C0%2C0.25)\u00a0\u00bb][vc_row_inner][vc_column_inner][dfd_heading subtitle=\u00a0\u00bb\u00a0\u00bb content_alignment=\u00a0\u00bbtext-left\u00a0\u00bb delimiter_settings=\u00a0\u00bbdelimiter_style:solid|delimiter_width:80|delimiter_height:1&Prime; title_font_options=\u00a0\u00bbtag:h2|font_size:28|color:%239b1614&Prime; subtitle_font_options=\u00a0\u00bbtag:div\u00a0\u00bb]Pr\u00e9sentation[\/dfd_heading][\/vc_column_inner][\/vc_row_inner][dfd_spacer screen_wide_spacer_size=\u00a0\u00bb20&Prime; screen_normal_resolution=\u00a0\u00bb1024&Prime; screen_tablet_resolution=\u00a0\u00bb800&Prime; screen_mobile_resolution=\u00a0\u00bb480&Prime; screen_normal_spacer_size=\u00a0\u00bb60&Prime;][vc_row_inner][vc_column_inner width=\u00a0\u00bb1\/3&Prime;][vc_column_text]<img loading=\"lazy\" class=\"wp-image-6645 aligncenter\" src=\"https:\/\/aura-handball.fr\/stages-vacances\/wp-content\/uploads\/2022\/01\/SLC_Groupe-1024x809.png\" alt=\"\" width=\"638\" height=\"504\" data-id=\"6645\" srcset=\"https:\/\/aura-handball.fr\/stages-vacances\/wp-content\/uploads\/2022\/01\/SLC_Groupe-1024x809.png 1024w, https:\/\/aura-handball.fr\/stages-vacances\/wp-content\/uploads\/2022\/01\/SLC_Groupe-300x237.png 300w, https:\/\/aura-handball.fr\/stages-vacances\/wp-content\/uploads\/2022\/01\/SLC_Groupe-768x607.png 768w, https:\/\/aura-handball.fr\/stages-vacances\/wp-content\/uploads\/2022\/01\/SLC_Groupe.png 1162w\" sizes=\"(max-width: 638px) 100vw, 638px\" \/>[\/vc_column_text][dfd_spacer screen_wide_spacer_size=\u00a0\u00bb10&Prime; screen_normal_resolution=\u00a0\u00bb1024&Prime; screen_tablet_resolution=\u00a0\u00bb800&Prime; screen_mobile_resolution=\u00a0\u00bb480&Prime; screen_normal_spacer_size=\u00a0\u00bb60&Prime;][vc_column_text]<img loading=\"lazy\" class=\" wp-image-15128 aligncenter\" src=\"https:\/\/aura-handball.fr\/stages-vacances\/wp-content\/uploads\/2025\/12\/SLC_S1_Lundi_ALL_redim_BD-1024x683.jpg\" alt=\"\" width=\"470\" height=\"313\" data-id=\"15128\" srcset=\"https:\/\/aura-handball.fr\/stages-vacances\/wp-content\/uploads\/2025\/12\/SLC_S1_Lundi_ALL_redim_BD-1024x683.jpg 1024w, https:\/\/aura-handball.fr\/stages-vacances\/wp-content\/uploads\/2025\/12\/SLC_S1_Lundi_ALL_redim_BD-300x200.jpg 300w, https:\/\/aura-handball.fr\/stages-vacances\/wp-content\/uploads\/2025\/12\/SLC_S1_Lundi_ALL_redim_BD-768x512.jpg 768w, https:\/\/aura-handball.fr\/stages-vacances\/wp-content\/uploads\/2025\/12\/SLC_S1_Lundi_ALL_redim_BD.jpg 1350w\" sizes=\"(max-width: 470px) 100vw, 470px\" \/>[\/vc_column_text][\/vc_column_inner][vc_column_inner width=\u00a0\u00bb2\/3&Prime;][vc_column_text]<\/p>\n<p style=\"text-align: center;\"><span style=\"color: #9b1614;\"><strong><span style=\"font-size: 14pt;\">16 &#8211; 22 ao\u00fbt 2026<\/span><\/strong><\/span><span style=\"font-size: 12pt;\"><span style=\"color: #000000;\"><strong><br \/>\n<\/strong><\/span><strong><span style=\"color: #808080;\"><em>semaine ouverte aux 12 &#8211; 17 ans*<\/em><\/span><\/strong><\/span><\/p>\n<p style=\"text-align: center;\"><span style=\"color: #9b1614;\"><strong><span style=\"font-size: 14pt;\">23 &#8211; 29 ao\u00fbt 2026<\/span><\/strong><\/span><span style=\"font-size: 12pt;\"><span style=\"color: #000000;\"><strong><br \/>\n<\/strong><\/span><strong><span style=\"color: #808080;\"><em>semaine ouverte aux 9 &#8211; 14 ans**<\/em><\/span><\/strong><\/span><\/p>\n<p>&nbsp;<\/p>\n<p style=\"text-align: justify;\">Situ\u00e9 dans les Monts du Lyonnais, <strong>le stage de Saint-Laurent-de-Chamousset<\/strong>\u00a0est un stage de <strong>handball<\/strong> avec des contenus sp\u00e9cifiques \u00e0 ces tranches d&rsquo;\u00e2ge. C&rsquo;est aussi des activit\u00e9s de pleine nature, des activit\u00e9s aquatiques et des veill\u00e9es tous les soirs.<\/p>\n<p style=\"text-align: justify;\">Chaque activit\u00e9 est encadr\u00e9e par des personnes dipl\u00f4m\u00e9es. Le stage est agr\u00e9\u00e9 par le Service D\u00e9partemental \u00e0 la Jeunesse, \u00e0 l&rsquo;Engagement et aux Sports (SDJES). Les stagiaires sont h\u00e9berg\u00e9s en pension compl\u00e8te \u00e0 <strong>la Maison Familiale Rurale (MFR) Le Chirat<\/strong> de Saint-Laurent-de-Chamousset (<a href=\"https:\/\/www.mfr-st-laurent.fr\/\" target=\"_blank\" rel=\"noopener\"><span style=\"color: #800000;\">+ d&rsquo;infos<\/span><\/a>).<\/p>\n<p><span data-olk-copy-source=\"MessageBody\"> Le fil rouge de l\u2019\u00e9dition 2026 sera construit autour d\u2019un slogan : <strong>\u00ab \u00cates-vous pr\u00eats \u00e0 relever tous nos d\u00e9fis ensemble ? \u00bb<\/strong>.<\/span><\/p>\n<p>&nbsp;<\/p>\n<p><span style=\"color: #808080;\"><i>* enfants n\u00e9s entre 2008 (n\u2019ayant pas 18 ans au moment du stage) et 2014<br \/>\n<\/i><i>** enfants n\u00e9s entre 2012 et 2017<\/i><\/span>[\/vc_column_text][dfd_spacer screen_wide_spacer_size=\u00a0\u00bb20&Prime; screen_normal_resolution=\u00a0\u00bb1024&Prime; screen_tablet_resolution=\u00a0\u00bb800&Prime; screen_mobile_resolution=\u00a0\u00bb480&Prime; screen_normal_spacer_size=\u00a0\u00bb60&Prime;][dfd_button button_text=\u00a0\u00bbInscription\u00a0\u00bb border=\u00a0\u00bbborder_style:none\u00a0\u00bb hover_border=\u00a0\u00bbborder_style:none\u00a0\u00bb main_style=\u00a0\u00bbstyle-2&Prime; buttom_link_src=\u00a0\u00bburl:https%3A%2F%2Faura-handball.fr%2Fstages-vacances%2Finscriptions\u00a0\u00bb box_shadow=\u00a0\u00bbbox_shadow_enable:disable|shadow_horizontal:0|shadow_vertical:15|shadow_blur:50|shadow_spread:0|box_shadow_color:rgba(0%2C0%2C0%2C0.35)\u00a0\u00bb hover_box_shadow=\u00a0\u00bbbox_shadow_enable:disable|shadow_horizontal:0|shadow_vertical:15|shadow_blur:50|shadow_spread:0|box_shadow_color:rgba(0%2C0%2C0%2C0.35)\u00a0\u00bb hover_text_color=\u00a0\u00bb#ffffff\u00a0\u00bb hover_background=\u00a0\u00bb#9b1614&Prime;][\/vc_column_inner][\/vc_row_inner][vc_row_inner][vc_column_inner][dfd_spacer screen_wide_spacer_size=\u00a0\u00bb60&Prime; screen_normal_resolution=\u00a0\u00bb1024&Prime; screen_tablet_resolution=\u00a0\u00bb800&Prime; screen_mobile_resolution=\u00a0\u00bb480&Prime; screen_normal_spacer_size=\u00a0\u00bb60&Prime;][vc_column_text]<strong>HANDBALL<\/strong><\/p>\n<p class=\"p1\" style=\"text-align: justify;\">Une s\u00e9ance de handball par jour sera planifi\u00e9e chaque semaine <span data-olk-copy-source=\"MessageBody\">avec des s\u00e9ances individuelles (joueurs et gardiens de but) et des s\u00e9ances collectives.<\/span><\/p>\n<p>[\/vc_column_text][dfd_spacer screen_wide_spacer_size=\u00a0\u00bb30&Prime; screen_normal_resolution=\u00a0\u00bb1024&Prime; screen_tablet_resolution=\u00a0\u00bb800&Prime; screen_mobile_resolution=\u00a0\u00bb480&Prime; screen_normal_spacer_size=\u00a0\u00bb60&Prime;][\/vc_column_inner][\/vc_row_inner][vc_row_inner][vc_column_inner width=\u00a0\u00bb1\/3&Prime;][vc_column_text]<img loading=\"lazy\" class=\"wp-image-15121 aligncenter\" src=\"https:\/\/aura-handball.fr\/stages-vacances\/wp-content\/uploads\/2025\/12\/IMG_0079_SLC_S2_Dimanche_Hand_redim_BD-1024x683.jpg\" alt=\"\" width=\"390\" height=\"260\" data-id=\"15121\" srcset=\"https:\/\/aura-handball.fr\/stages-vacances\/wp-content\/uploads\/2025\/12\/IMG_0079_SLC_S2_Dimanche_Hand_redim_BD-1024x683.jpg 1024w, https:\/\/aura-handball.fr\/stages-vacances\/wp-content\/uploads\/2025\/12\/IMG_0079_SLC_S2_Dimanche_Hand_redim_BD-300x200.jpg 300w, https:\/\/aura-handball.fr\/stages-vacances\/wp-content\/uploads\/2025\/12\/IMG_0079_SLC_S2_Dimanche_Hand_redim_BD-768x512.jpg 768w, https:\/\/aura-handball.fr\/stages-vacances\/wp-content\/uploads\/2025\/12\/IMG_0079_SLC_S2_Dimanche_Hand_redim_BD.jpg 1350w\" sizes=\"(max-width: 390px) 100vw, 390px\" \/>[\/vc_column_text][\/vc_column_inner][vc_column_inner width=\u00a0\u00bb1\/3&Prime;][vc_column_text]<img loading=\"lazy\" class=\" wp-image-15123 aligncenter\" src=\"https:\/\/aura-handball.fr\/stages-vacances\/wp-content\/uploads\/2025\/12\/SLC_S1_Lundi_Hand_redim_BD-1024x683.jpg\" alt=\"\" width=\"390\" height=\"260\" data-id=\"15123\" srcset=\"https:\/\/aura-handball.fr\/stages-vacances\/wp-content\/uploads\/2025\/12\/SLC_S1_Lundi_Hand_redim_BD-1024x683.jpg 1024w, https:\/\/aura-handball.fr\/stages-vacances\/wp-content\/uploads\/2025\/12\/SLC_S1_Lundi_Hand_redim_BD-300x200.jpg 300w, https:\/\/aura-handball.fr\/stages-vacances\/wp-content\/uploads\/2025\/12\/SLC_S1_Lundi_Hand_redim_BD-768x512.jpg 768w, https:\/\/aura-handball.fr\/stages-vacances\/wp-content\/uploads\/2025\/12\/SLC_S1_Lundi_Hand_redim_BD.jpg 1350w\" sizes=\"(max-width: 390px) 100vw, 390px\" \/>[\/vc_column_text][\/vc_column_inner][vc_column_inner width=\u00a0\u00bb1\/3&Prime;][vc_column_text]<img loading=\"lazy\" class=\"wp-image-15122 aligncenter\" src=\"https:\/\/aura-handball.fr\/stages-vacances\/wp-content\/uploads\/2025\/12\/IMG_9790_SLC_S1_Lundi_Hand_redim_BD-1024x683.jpg\" alt=\"\" width=\"390\" height=\"260\" data-id=\"15122\" srcset=\"https:\/\/aura-handball.fr\/stages-vacances\/wp-content\/uploads\/2025\/12\/IMG_9790_SLC_S1_Lundi_Hand_redim_BD-1024x683.jpg 1024w, https:\/\/aura-handball.fr\/stages-vacances\/wp-content\/uploads\/2025\/12\/IMG_9790_SLC_S1_Lundi_Hand_redim_BD-300x200.jpg 300w, https:\/\/aura-handball.fr\/stages-vacances\/wp-content\/uploads\/2025\/12\/IMG_9790_SLC_S1_Lundi_Hand_redim_BD-768x512.jpg 768w, https:\/\/aura-handball.fr\/stages-vacances\/wp-content\/uploads\/2025\/12\/IMG_9790_SLC_S1_Lundi_Hand_redim_BD.jpg 1350w\" sizes=\"(max-width: 390px) 100vw, 390px\" \/>[\/vc_column_text][\/vc_column_inner][\/vc_row_inner][vc_row_inner][vc_column_inner][dfd_spacer screen_wide_spacer_size=\u00a0\u00bb60&Prime; screen_normal_resolution=\u00a0\u00bb1024&Prime; screen_tablet_resolution=\u00a0\u00bb800&Prime; screen_mobile_resolution=\u00a0\u00bb480&Prime; screen_normal_spacer_size=\u00a0\u00bb60&Prime;][vc_column_text]<strong>ACTIVIT\u00c9S<br \/>\n<\/strong><\/p>\n<p style=\"text-align: justify;\">L\u2019environnement autour du site et dans la MFR nous permet d\u2019organiser des grands jeux collectifs et des activit\u00e9s sportives annexes.<\/p>\n<p>&nbsp;<\/p>\n<div class=\"wpb_text_column wpb_content_element \">\n<div class=\"wpb_wrapper\">\n<p style=\"text-align: justify;\"><strong>PROGRAMME 2026<\/strong><\/p>\n<ul class=\"ul1\">\n<li class=\"li1\">des animations quotidiennes pour challenger les jeunes<\/li>\n<li><strong><em>[nouveaut\u00e9]\u00a0<\/em><\/strong>une sortie\u00a0\u00ab\u00a0journ\u00e9e\u00a0\u00bb\u00a0avec un lasergame, un enqu\u00eate game et un atelier de fabrication de glace<\/li>\n<li>un tournoi Hand Fluo<\/li>\n<li>une sortie \u00e0 la piscine avec des toboggans \u00e0 l\u2019Escapad (<a href=\"https:\/\/www.escapad-loisirs.fr\/\" target=\"_blank\" rel=\"noopener\">+ d\u2019infos<\/a>)<\/li>\n<li>des veill\u00e9es organis\u00e9es tous les soirs<\/li>\n<\/ul>\n<\/div>\n<\/div>\n<p>[\/vc_column_text][dfd_spacer screen_wide_spacer_size=\u00a0\u00bb30&Prime; screen_normal_resolution=\u00a0\u00bb1024&Prime; screen_tablet_resolution=\u00a0\u00bb800&Prime; screen_mobile_resolution=\u00a0\u00bb480&Prime; screen_normal_spacer_size=\u00a0\u00bb60&Prime;][\/vc_column_inner][\/vc_row_inner][vc_row_inner][vc_column_inner width=\u00a0\u00bb1\/3&Prime;][vc_column_text]<img loading=\"lazy\" class=\" wp-image-15126 aligncenter\" src=\"https:\/\/aura-handball.fr\/stages-vacances\/wp-content\/uploads\/2025\/12\/SLC_S2_Bootcamp_01_redim_BD-1024x683.jpg\" alt=\"\" width=\"390\" height=\"260\" data-id=\"15126\" srcset=\"https:\/\/aura-handball.fr\/stages-vacances\/wp-content\/uploads\/2025\/12\/SLC_S2_Bootcamp_01_redim_BD-1024x683.jpg 1024w, https:\/\/aura-handball.fr\/stages-vacances\/wp-content\/uploads\/2025\/12\/SLC_S2_Bootcamp_01_redim_BD-300x200.jpg 300w, https:\/\/aura-handball.fr\/stages-vacances\/wp-content\/uploads\/2025\/12\/SLC_S2_Bootcamp_01_redim_BD-768x512.jpg 768w, https:\/\/aura-handball.fr\/stages-vacances\/wp-content\/uploads\/2025\/12\/SLC_S2_Bootcamp_01_redim_BD.jpg 1350w\" sizes=\"(max-width: 390px) 100vw, 390px\" \/>[\/vc_column_text][\/vc_column_inner][vc_column_inner width=\u00a0\u00bb1\/3&Prime;][vc_column_text]<img loading=\"lazy\" class=\"wp-image-15125 aligncenter\" src=\"https:\/\/aura-handball.fr\/stages-vacances\/wp-content\/uploads\/2025\/12\/IMG_0266_SLC_S2_Mercredi_Handfluo_redim_BD-1024x683.jpg\" alt=\"\" width=\"390\" height=\"260\" data-id=\"15125\" srcset=\"https:\/\/aura-handball.fr\/stages-vacances\/wp-content\/uploads\/2025\/12\/IMG_0266_SLC_S2_Mercredi_Handfluo_redim_BD-1024x683.jpg 1024w, https:\/\/aura-handball.fr\/stages-vacances\/wp-content\/uploads\/2025\/12\/IMG_0266_SLC_S2_Mercredi_Handfluo_redim_BD-300x200.jpg 300w, https:\/\/aura-handball.fr\/stages-vacances\/wp-content\/uploads\/2025\/12\/IMG_0266_SLC_S2_Mercredi_Handfluo_redim_BD-768x512.jpg 768w, https:\/\/aura-handball.fr\/stages-vacances\/wp-content\/uploads\/2025\/12\/IMG_0266_SLC_S2_Mercredi_Handfluo_redim_BD.jpg 1350w\" sizes=\"(max-width: 390px) 100vw, 390px\" \/>[\/vc_column_text][\/vc_column_inner][vc_column_inner width=\u00a0\u00bb1\/3&Prime;][vc_column_text]<img loading=\"lazy\" class=\"wp-image-15124 aligncenter\" src=\"https:\/\/aura-handball.fr\/stages-vacances\/wp-content\/uploads\/2025\/12\/IMG_0071_SLC_S1_Vendredi_Boum_redim_BD-1024x683.jpg\" alt=\"\" width=\"390\" height=\"260\" data-id=\"15124\" srcset=\"https:\/\/aura-handball.fr\/stages-vacances\/wp-content\/uploads\/2025\/12\/IMG_0071_SLC_S1_Vendredi_Boum_redim_BD-1024x683.jpg 1024w, https:\/\/aura-handball.fr\/stages-vacances\/wp-content\/uploads\/2025\/12\/IMG_0071_SLC_S1_Vendredi_Boum_redim_BD-300x200.jpg 300w, https:\/\/aura-handball.fr\/stages-vacances\/wp-content\/uploads\/2025\/12\/IMG_0071_SLC_S1_Vendredi_Boum_redim_BD-768x512.jpg 768w, https:\/\/aura-handball.fr\/stages-vacances\/wp-content\/uploads\/2025\/12\/IMG_0071_SLC_S1_Vendredi_Boum_redim_BD.jpg 1350w\" sizes=\"(max-width: 390px) 100vw, 390px\" \/>[\/vc_column_text][\/vc_column_inner][\/vc_row_inner][vc_row_inner][vc_column_inner][dfd_spacer screen_wide_spacer_size=\u00a0\u00bb60&Prime; screen_normal_resolution=\u00a0\u00bb1024&Prime; screen_tablet_resolution=\u00a0\u00bb800&Prime; screen_mobile_resolution=\u00a0\u00bb480&Prime; screen_normal_spacer_size=\u00a0\u00bb60&Prime;][dfd_delimiter delimiter_style=\u00a0\u00bbdfd-delimiter-with-line\u00a0\u00bb delimiter_height=\u00a0\u00bb2&Prime;][dfd_spacer screen_wide_spacer_size=\u00a0\u00bb20&Prime; screen_normal_resolution=\u00a0\u00bb1024&Prime; screen_tablet_resolution=\u00a0\u00bb800&Prime; screen_mobile_resolution=\u00a0\u00bb480&Prime; screen_normal_spacer_size=\u00a0\u00bb60&Prime;][vc_column_text]<strong>TARIFS<\/strong><\/p>\n<ul>\n<li>600 \u20ac + 10 \u20ac de frais de dossier pour une nouvelle inscription<\/li>\n<li>580 \u20ac + 10 \u20ac de frais de dossier pour <span data-olk-copy-source=\"MessageBody\">un renouvellement ou pour les enfants d\u2019une m\u00eame fratrie<\/span><\/li>\n<\/ul>\n<p>[\/vc_column_text][dfd_spacer screen_wide_spacer_size=\u00a0\u00bb20&Prime; screen_normal_resolution=\u00a0\u00bb1024&Prime; screen_tablet_resolution=\u00a0\u00bb800&Prime; screen_mobile_resolution=\u00a0\u00bb480&Prime; screen_normal_spacer_size=\u00a0\u00bb60&Prime;][dfd_button button_text=\u00a0\u00bbInscription\u00a0\u00bb border=\u00a0\u00bbborder_style:none\u00a0\u00bb hover_border=\u00a0\u00bbborder_style:none\u00a0\u00bb main_style=\u00a0\u00bbstyle-2&Prime; buttom_link_src=\u00a0\u00bburl:https%3A%2F%2Faura-handball.fr%2Fstages-vacances%2Finscriptions\u00a0\u00bb box_shadow=\u00a0\u00bbbox_shadow_enable:disable|shadow_horizontal:0|shadow_vertical:15|shadow_blur:50|shadow_spread:0|box_shadow_color:rgba(0%2C0%2C0%2C0.35)\u00a0\u00bb hover_box_shadow=\u00a0\u00bbbox_shadow_enable:disable|shadow_horizontal:0|shadow_vertical:15|shadow_blur:50|shadow_spread:0|box_shadow_color:rgba(0%2C0%2C0%2C0.35)\u00a0\u00bb hover_text_color=\u00a0\u00bb#ffffff\u00a0\u00bb hover_background=\u00a0\u00bb#9b1614&Prime;][dfd_spacer screen_wide_spacer_size=\u00a0\u00bb40&Prime; screen_normal_resolution=\u00a0\u00bb1024&Prime; screen_tablet_resolution=\u00a0\u00bb800&Prime; screen_mobile_resolution=\u00a0\u00bb480&Prime; screen_normal_spacer_size=\u00a0\u00bb60&Prime;][dfd_delimiter delimiter_style=\u00a0\u00bbdfd-delimiter-with-line\u00a0\u00bb delimiter_height=\u00a0\u00bb2&Prime;][dfd_spacer screen_wide_spacer_size=\u00a0\u00bb40&Prime; screen_normal_resolution=\u00a0\u00bb1024&Prime; screen_tablet_resolution=\u00a0\u00bb800&Prime; screen_mobile_resolution=\u00a0\u00bb480&Prime; screen_normal_spacer_size=\u00a0\u00bb60&Prime;][vc_column_text]<strong>J\u00e9r\u00e9my R\u00c9AULT<br \/>\n<\/strong>Directeur<br \/>\n<a href=\"mailto:5100000.jreault@ffhandball.net\">5100000.jreault@ffhandball.net<\/a>\u00a0\u2013 06 48 23 13 21[\/vc_column_text][dfd_spacer screen_wide_spacer_size=\u00a0\u00bb40&Prime; screen_normal_resolution=\u00a0\u00bb1024&Prime; screen_tablet_resolution=\u00a0\u00bb800&Prime; screen_mobile_resolution=\u00a0\u00bb480&Prime; screen_normal_spacer_size=\u00a0\u00bb60&Prime;][vc_column_text]<img loading=\"lazy\" class=\"wp-image-15129 aligncenter\" src=\"https:\/\/aura-handball.fr\/stages-vacances\/wp-content\/uploads\/2025\/12\/IMG_9767_SLC_staff_redim_BD-1024x683.jpg\" alt=\"\" width=\"548\" height=\"366\" data-id=\"15129\" srcset=\"https:\/\/aura-handball.fr\/stages-vacances\/wp-content\/uploads\/2025\/12\/IMG_9767_SLC_staff_redim_BD-1024x683.jpg 1024w, https:\/\/aura-handball.fr\/stages-vacances\/wp-content\/uploads\/2025\/12\/IMG_9767_SLC_staff_redim_BD-300x200.jpg 300w, https:\/\/aura-handball.fr\/stages-vacances\/wp-content\/uploads\/2025\/12\/IMG_9767_SLC_staff_redim_BD-768x512.jpg 768w, https:\/\/aura-handball.fr\/stages-vacances\/wp-content\/uploads\/2025\/12\/IMG_9767_SLC_staff_redim_BD.jpg 1350w\" sizes=\"(max-width: 548px) 100vw, 548px\" \/>[\/vc_column_text][dfd_spacer screen_wide_spacer_size=\u00a0\u00bb40&Prime; screen_normal_resolution=\u00a0\u00bb1024&Prime; screen_tablet_resolution=\u00a0\u00bb800&Prime; screen_mobile_resolution=\u00a0\u00bb480&Prime; screen_normal_spacer_size=\u00a0\u00bb60&Prime;][vc_column_text]<\/p>\n<p style=\"text-align: center;\">\u00a0<iframe loading=\"lazy\" style=\"border: none; overflow: hidden;\" src=\"https:\/\/www.facebook.com\/plugins\/video.php?height=314&amp;href=https%3A%2F%2Fwww.facebook.com%2Freel%2F880491701675131%2F&amp;show_text=false&amp;width=560&amp;t=0\" width=\"560\" height=\"314\" frameborder=\"0\" scrolling=\"no\" allowfullscreen=\"allowfullscreen\"><\/iframe><\/p>\n<p>[\/vc_column_text][\/vc_column_inner][\/vc_row_inner][\/vc_column][vc_column width=\u00a0\u00bb1\/4&Prime; css=\u00a0\u00bb.vc_custom_1530025584676{padding-top: 3% !important;padding-left: 3% !important;}\u00a0\u00bb col_shadow=\u00a0\u00bbbox_shadow_enable:disable|shadow_horizontal:0|shadow_vertical:15|shadow_blur:50|shadow_spread:0|box_shadow_color:rgba(0%2C0%2C0%2C0.35)\u00a0\u00bb col_shadow_hover=\u00a0\u00bbbox_shadow_enable:disable|shadow_horizontal:0|shadow_vertical:15|shadow_blur:50|shadow_spread:0|box_shadow_color:rgba(0%2C0%2C0%2C0.35)\u00a0\u00bb][vc_widget_sidebar sidebar_id=\u00a0\u00bbsd589_1353zuw\u00a0\u00bb][dfd_spacer screen_wide_spacer_size=\u00a0\u00bb10&Prime; screen_normal_resolution=\u00a0\u00bb1024&Prime; screen_tablet_resolution=\u00a0\u00bb800&Prime; screen_mobile_resolution=\u00a0\u00bb480&Prime;][\/vc_column][\/vc_row]<\/p>\n","protected":false},"excerpt":{"rendered":"<p>[vc_row bg_check=\u00a0\u00bbrow-background-dark\u00a0\u00bb dfd_enable_overlay=\u00a0\u00bbyes\u00a0\u00bb dfd_overlay_color=\u00a0\u00bb#9b1614&Prime; dfd_overlay_pattern=\u00a0\u00bbtransperant\u00a0\u00bb dfd_overlay_pattern_opacity=\u00a0\u00bb100&Prime; dfd_row_responsive_enable=\u00a0\u00bbdfd-row-responsive-enable\u00a0\u00bb responsive_styles=\u00a0\u00bbpadding_left_desktop:10|padding_right_desktop:10|padding_left_tablet:10|padding_right_tablet:10|padding_left_mobile:20|padding_right_mobile:20&Prime;][vc_column col_shadow=\u00a0\u00bbbox_shadow_enable:disable|shadow_horizontal:0|shadow_vertical:15|shadow_blur:50|shadow_spread:0|box_shadow_color:rgba(0%2C0%2C0%2C0.35)\u00a0\u00bb col_shadow_hover=\u00a0\u00bbbox_shadow_enable:disable|shadow_horizontal:0|shadow_vertical:15|shadow_blur:50|shadow_spread:0|box_shadow_color:rgba(0%2C0%2C0%2C0.35)\u00a0\u00bb][dfd_spacer screen_wide_spacer_size=\u00a0\u00bb80&Prime; screen_normal_resolution=\u00a0\u00bb1280&Prime; screen_tablet_resolution=\u00a0\u00bb1024&Prime; screen_mobile_resolution=\u00a0\u00bb800&Prime; screen_normal_spacer_size=\u00a0\u00bb60&Prime; screen_tablet_spacer_size=\u00a0\u00bb40&Prime; screen_mobile_spacer_size=\u00a0\u00bb40&Prime;][dfd_heading subtitle=\u00a0\u00bb\u00a0\u00bb module_animation=\u00a0\u00bbtransition.expandIn\u00a0\u00bb enable_delimiter=\u00a0\u00bb\u00a0\u00bb undefined=\u00a0\u00bb\u00a0\u00bb title_font_options=\u00a0\u00bbtag:h2|font_size:35|line_height:44|letter_spacing:1&Prime; subtitle_font_options=\u00a0\u00bbtag:h3|font_size:18|color:%23ffffff|letter_spacing:1&Prime; title_responsive=\u00a0\u00bbfont_size_tablet:36|line_height_tablet:48|font_size_mobile:28|line_height_mobile:38&Prime;]Stage de Saint-Laurent-de-Chamousset[\/dfd_heading][dfd_spacer screen_wide_spacer_size=\u00a0\u00bb140&Prime; screen_normal_resolution=\u00a0\u00bb1280&Prime; screen_tablet_resolution=\u00a0\u00bb1024&Prime; screen_mobile_resolution=\u00a0\u00bb800&Prime;<\/p>\n","protected":false},"author":2,"featured_media":0,"parent":6586,"menu_order":0,"comment_status":"closed","ping_status":"closed","template":"tmp-page.php","meta":[],"_links":{"self":[{"href":"https:\/\/aura-handball.fr\/stages-vacances\/wp-json\/wp\/v2\/pages\/3500"}],"collection":[{"href":"https:\/\/aura-handball.fr\/stages-vacances\/wp-json\/wp\/v2\/pages"}],"about":[{"href":"https:\/\/aura-handball.fr\/stages-vacances\/wp-json\/wp\/v2\/types\/page"}],"author":[{"embeddable":true,"href":"https:\/\/aura-handball.fr\/stages-vacances\/wp-json\/wp\/v2\/users\/2"}],"replies":[{"embeddable":true,"href":"https:\/\/aura-handball.fr\/stages-vacances\/wp-json\/wp\/v2\/comments?post=3500"}],"version-history":[{"count":141,"href":"https:\/\/aura-handball.fr\/stages-vacances\/wp-json\/wp\/v2\/pages\/3500\/revisions"}],"predecessor-version":[{"id":15270,"href":"https:\/\/aura-handball.fr\/stages-vacances\/wp-json\/wp\/v2\/pages\/3500\/revisions\/15270"}],"up":[{"embeddable":true,"href":"https:\/\/aura-handball.fr\/stages-vacances\/wp-json\/wp\/v2\/pages\/6586"}],"wp:attachment":[{"href":"https:\/\/aura-handball.fr\/stages-vacances\/wp-json\/wp\/v2\/media?parent=3500"}],"curies":[{"name":"wp","href":"https:\/\/api.w.org\/{rel}","templated":true}]}}