{"id":25,"date":"2019-06-11T10:17:55","date_gmt":"2019-06-11T10:17:55","guid":{"rendered":"http:\/\/aura-handball.fr\/stages-vacances\/?page_id=25"},"modified":"2023-03-01T09:58:43","modified_gmt":"2023-03-01T09:58:43","slug":"presentation-stage-passy","status":"publish","type":"page","link":"https:\/\/aura-handball.fr\/stages-vacances\/stage-passy\/presentation-stage-passy","title":{"rendered":"Pr\u00e9sentation Stage Passy"},"content":{"rendered":"<p>[vc_row bg_check=\u00a0\u00bbrow-background-dark\u00a0\u00bb dfd_bg_style=\u00a0\u00bbimage\u00a0\u00bb dfd_parallax_style=\u00a0\u00bbdfd_vertical_parallax\u00a0\u00bb dfd_bg_image_new=\u00a0\u00bb78&Prime; dfd_bg_image_repeat=\u00a0\u00bbno-repeat\u00a0\u00bb dfd_bg_image_position=\u00a0\u00bbcenter center\u00a0\u00bb dfd_bg_image_new_responsive=\u00a0\u00bb23043&Prime; dfd_enable_overlay=\u00a0\u00bbyes\u00a0\u00bb dfd_overlay_color=\u00a0\u00bbrgba(0,0,0,0.22)\u00a0\u00bb dfd_overlay_pattern=\u00a0\u00bb01.png\u00a0\u00bb dfd_row_responsive_enable=\u00a0\u00bbdfd-row-responsive-enable\u00a0\u00bb responsive_styles=\u00a0\u00bbpadding_left_desktop:10|padding_right_desktop:10|padding_left_tablet:10|padding_right_tablet:10|padding_left_mobile:20|padding_right_mobile:20&Prime;][vc_column col_shadow=\u00a0\u00bbbox_shadow_enable:disable|shadow_horizontal:0|shadow_vertical:15|shadow_blur:50|shadow_spread:0|box_shadow_color:rgba(0%2C0%2C0%2C0.35)\u00a0\u00bb col_shadow_hover=\u00a0\u00bbbox_shadow_enable:disable|shadow_horizontal:0|shadow_vertical:15|shadow_blur:50|shadow_spread:0|box_shadow_color:rgba(0%2C0%2C0%2C0.35)\u00a0\u00bb][dfd_spacer screen_wide_spacer_size=\u00a0\u00bb80&Prime; screen_normal_resolution=\u00a0\u00bb1280&Prime; screen_tablet_resolution=\u00a0\u00bb1024&Prime; screen_mobile_resolution=\u00a0\u00bb800&Prime; screen_normal_spacer_size=\u00a0\u00bb60&Prime; screen_tablet_spacer_size=\u00a0\u00bb40&Prime; screen_mobile_spacer_size=\u00a0\u00bb40&Prime;][dfd_heading subtitle=\u00a0\u00bb\u00a0\u00bb module_animation=\u00a0\u00bbtransition.expandIn\u00a0\u00bb enable_delimiter=\u00a0\u00bb\u00a0\u00bb undefined=\u00a0\u00bb\u00a0\u00bb title_font_options=\u00a0\u00bbtag:h2|font_size:35|line_height:44|letter_spacing:1&Prime; subtitle_font_options=\u00a0\u00bbtag:h3|font_size:18|color:%23ffffff|letter_spacing:1&Prime; title_responsive=\u00a0\u00bbfont_size_tablet:36|line_height_tablet:48|font_size_mobile:28|line_height_mobile:38&Prime;]Stage de Passy[\/dfd_heading][dfd_spacer screen_wide_spacer_size=\u00a0\u00bb140&Prime; screen_normal_resolution=\u00a0\u00bb1280&Prime; screen_tablet_resolution=\u00a0\u00bb1024&Prime; screen_mobile_resolution=\u00a0\u00bb800&Prime; screen_normal_spacer_size=\u00a0\u00bb100&Prime; screen_tablet_spacer_size=\u00a0\u00bb60&Prime; screen_mobile_spacer_size=\u00a0\u00bb100&Prime;][\/vc_column][\/vc_row][vc_row dfd_row_responsive_enable=\u00a0\u00bbdfd-row-responsive-enable\u00a0\u00bb responsive_styles=\u00a0\u00bbpadding_left_desktop:20|padding_right_desktop:20|padding_left_tablet:20|padding_right_tablet:20|padding_left_mobile:20|padding_right_mobile:20&Prime;][vc_column width=\u00a0\u00bb3\/4&Prime; css=\u00a0\u00bb.vc_custom_1530025651357{margin-top: -80px !important;padding-top: 3% !important;padding-right: 4% !important;padding-bottom: 4% !important;padding-left: 4% !important;background-color: #ffffff !important;background-position: center !important;background-repeat: no-repeat !important;background-size: cover !important;}\u00a0\u00bb col_shadow=\u00a0\u00bbbox_shadow_enable:enable|shadow_horizontal:0|shadow_vertical:30|shadow_blur:120|shadow_spread:0|box_shadow_color:rgba(0%2C0%2C0%2C0.25)\u00a0\u00bb col_shadow_hover=\u00a0\u00bbbox_shadow_enable:enable|shadow_horizontal:0|shadow_vertical:30|shadow_blur:120|shadow_spread:0|box_shadow_color:rgba(0%2C0%2C0%2C0.25)\u00a0\u00bb][vc_row_inner][vc_column_inner][dfd_heading subtitle=\u00a0\u00bb\u00a0\u00bb content_alignment=\u00a0\u00bbtext-left\u00a0\u00bb delimiter_settings=\u00a0\u00bbdelimiter_style:solid|delimiter_width:80|delimiter_height:1&Prime; title_font_options=\u00a0\u00bbtag:h2|font_size:28|color:%23013c74&Prime; subtitle_font_options=\u00a0\u00bbtag:div\u00a0\u00bb]Pr\u00e9sentation[\/dfd_heading][\/vc_column_inner][\/vc_row_inner][dfd_spacer screen_wide_spacer_size=\u00a0\u00bb20&Prime; screen_normal_resolution=\u00a0\u00bb1024&Prime; screen_tablet_resolution=\u00a0\u00bb800&Prime; screen_mobile_resolution=\u00a0\u00bb480&Prime; screen_normal_spacer_size=\u00a0\u00bb60&Prime;][vc_row_inner][vc_column_inner width=\u00a0\u00bb1\/3&Prime;][dfd_spacer screen_wide_spacer_size=\u00a0\u00bb60&Prime; screen_normal_resolution=\u00a0\u00bb1024&Prime; screen_tablet_resolution=\u00a0\u00bb800&Prime; screen_mobile_resolution=\u00a0\u00bb480&Prime; screen_normal_spacer_size=\u00a0\u00bb60&Prime;][vc_column_text]<img loading=\"lazy\" class=\"alignnone size-large wp-image-7256\" src=\"https:\/\/aura-handball.fr\/stages-vacances\/wp-content\/uploads\/2022\/07\/groupe-1024x768.jpeg\" alt=\"\" width=\"1024\" height=\"768\" data-id=\"7256\" srcset=\"https:\/\/aura-handball.fr\/stages-vacances\/wp-content\/uploads\/2022\/07\/groupe-1024x768.jpeg 1024w, https:\/\/aura-handball.fr\/stages-vacances\/wp-content\/uploads\/2022\/07\/groupe-300x225.jpeg 300w, https:\/\/aura-handball.fr\/stages-vacances\/wp-content\/uploads\/2022\/07\/groupe-768x576.jpeg 768w, https:\/\/aura-handball.fr\/stages-vacances\/wp-content\/uploads\/2022\/07\/groupe-1536x1152.jpeg 1536w, https:\/\/aura-handball.fr\/stages-vacances\/wp-content\/uploads\/2022\/07\/groupe.jpeg 2048w\" sizes=\"(max-width: 1024px) 100vw, 1024px\" \/>[\/vc_column_text][\/vc_column_inner][vc_column_inner width=\u00a0\u00bb2\/3&Prime;][vc_column_text]<\/p>\n<p style=\"text-align: center;\"><span style=\"font-size: 12pt;\"><span style=\"color: #1a3e71;\"><strong><span style=\"font-size: 14pt;\">9 &#8211; 15 juillet 2023 \/ 16 &#8211; 22 juillet 2023 <\/span><span style=\"font-size: 14pt;\">\/ 23 &#8211; 29<\/span><strong style=\"font-size: 14pt;\"> juillet 2023<\/strong><br \/>\n<\/strong><\/span><strong><span style=\"color: #808080;\"><em>stage ouvert aux 10 &#8211; 17 ans<\/em><\/span><\/strong><\/span><\/p>\n<p style=\"text-align: center;\"><strong><span style=\"color: #800000;\">[semaine 1 \/ semaine 2 \/ semaine 3 = complet]<br \/>\n<\/span><\/strong><span style=\"color: #800000;\">Il est possible de s&rsquo;inscrire sur une liste d&rsquo;attente &gt; <a href=\"http:\/\/aura-handball.fr\/stages-vacances\/inscriptions\">infos<\/a>.<\/span><\/p>\n<p>&nbsp;<\/p>\n<p style=\"text-align: justify;\"><strong>Passy, <\/strong>situ\u00e9 au pied du Mont-Blanc, c&rsquo;est avant-tout un stage de <strong>handball<\/strong> et c&rsquo;est aussi des activit\u00e9s de pleine nature et en eau vive ainsi que des animations \u00e9ducatives !<\/p>\n<p style=\"text-align: justify;\">Chaque activit\u00e9 est encadr\u00e9e par des personnes dipl\u00f4m\u00e9es. Le stage est agr\u00e9\u00e9 par le Service D\u00e9partemental \u00e0 la Jeunesse, \u00e0 l&rsquo;Engagement et aux Sports (SDJES). Les stagiaires sont h\u00e9berg\u00e9s en pension compl\u00e8te au <strong>Lyc\u00e9e du Mont Blanc<\/strong> \u00e0 Passy.<\/p>\n<p style=\"text-align: justify;\">L&rsquo;\u00e9dition 2023 sera construite autour d&rsquo;un fil rouge : <strong>LES DESSINS ANIM\u00c9S \u00c0 TRAVERS LE MONDE.<\/strong><\/p>\n<p>[\/vc_column_text][\/vc_column_inner][\/vc_row_inner][vc_row_inner][vc_column_inner][\/vc_column_inner][\/vc_row_inner][vc_row_inner][vc_column_inner][dfd_spacer screen_wide_spacer_size=\u00a0\u00bb40&Prime; screen_normal_resolution=\u00a0\u00bb1024&Prime; screen_tablet_resolution=\u00a0\u00bb800&Prime; screen_mobile_resolution=\u00a0\u00bb480&Prime; screen_normal_spacer_size=\u00a0\u00bb60&Prime;][vc_column_text]<strong>HANDBALL<\/strong><\/p>\n<p style=\"text-align: justify;\">Nos entra\u00eeneurs qualifi\u00e9s encadreront des s\u00e9ances de perfectionnement pour les plus grands, des s\u00e9ances avec des contenus sp\u00e9cifiques pour les plus jeunes, des s\u00e9ances sp\u00e9cifiques \u00ab\u00a0gardien de but\u00a0\u00bb. Au programme :\u00a0 1 \u00e0 2 entra\u00eenements de handball par jour, des matchs et un grand tournoi de Greenball (handball sur herbe).<\/p>\n<p>[\/vc_column_text][dfd_spacer screen_wide_spacer_size=\u00a0\u00bb10&Prime; screen_normal_resolution=\u00a0\u00bb1024&Prime; screen_tablet_resolution=\u00a0\u00bb800&Prime; screen_mobile_resolution=\u00a0\u00bb480&Prime; screen_normal_spacer_size=\u00a0\u00bb60&Prime;][\/vc_column_inner][\/vc_row_inner][vc_row_inner][vc_column_inner width=\u00a0\u00bb1\/3&Prime;][vc_column_text]<img loading=\"lazy\" class=\"alignnone size-full wp-image-9853\" src=\"https:\/\/aura-handball.fr\/stages-vacances\/wp-content\/uploads\/2022\/11\/2022_Passy_S2_hand_900x600.jpg\" alt=\"\" width=\"900\" height=\"600\" data-id=\"9853\" srcset=\"https:\/\/aura-handball.fr\/stages-vacances\/wp-content\/uploads\/2022\/11\/2022_Passy_S2_hand_900x600.jpg 900w, https:\/\/aura-handball.fr\/stages-vacances\/wp-content\/uploads\/2022\/11\/2022_Passy_S2_hand_900x600-300x200.jpg 300w, https:\/\/aura-handball.fr\/stages-vacances\/wp-content\/uploads\/2022\/11\/2022_Passy_S2_hand_900x600-768x512.jpg 768w\" sizes=\"(max-width: 900px) 100vw, 900px\" \/>[\/vc_column_text][\/vc_column_inner][vc_column_inner width=\u00a0\u00bb1\/3&Prime;][vc_column_text]<img loading=\"lazy\" class=\"alignnone size-full wp-image-9851\" src=\"https:\/\/aura-handball.fr\/stages-vacances\/wp-content\/uploads\/2022\/11\/2022_Passy_S1_greenball_900x600.jpg\" alt=\"\" width=\"900\" height=\"600\" data-id=\"9851\" srcset=\"https:\/\/aura-handball.fr\/stages-vacances\/wp-content\/uploads\/2022\/11\/2022_Passy_S1_greenball_900x600.jpg 900w, https:\/\/aura-handball.fr\/stages-vacances\/wp-content\/uploads\/2022\/11\/2022_Passy_S1_greenball_900x600-300x200.jpg 300w, https:\/\/aura-handball.fr\/stages-vacances\/wp-content\/uploads\/2022\/11\/2022_Passy_S1_greenball_900x600-768x512.jpg 768w\" sizes=\"(max-width: 900px) 100vw, 900px\" \/>[\/vc_column_text][\/vc_column_inner][vc_column_inner width=\u00a0\u00bb1\/3&Prime;][vc_column_text]<img loading=\"lazy\" class=\"alignnone size-large wp-image-9852\" src=\"https:\/\/aura-handball.fr\/stages-vacances\/wp-content\/uploads\/2022\/11\/2022_Passy_S1_hand_900x600.jpg\" alt=\"\" width=\"900\" height=\"600\" data-id=\"9852\" srcset=\"https:\/\/aura-handball.fr\/stages-vacances\/wp-content\/uploads\/2022\/11\/2022_Passy_S1_hand_900x600.jpg 900w, https:\/\/aura-handball.fr\/stages-vacances\/wp-content\/uploads\/2022\/11\/2022_Passy_S1_hand_900x600-300x200.jpg 300w, https:\/\/aura-handball.fr\/stages-vacances\/wp-content\/uploads\/2022\/11\/2022_Passy_S1_hand_900x600-768x512.jpg 768w\" sizes=\"(max-width: 900px) 100vw, 900px\" \/>[\/vc_column_text][\/vc_column_inner][\/vc_row_inner][vc_row_inner][vc_column_inner][dfd_spacer screen_wide_spacer_size=\u00a0\u00bb40&Prime; screen_normal_resolution=\u00a0\u00bb1024&Prime; screen_tablet_resolution=\u00a0\u00bb800&Prime; screen_mobile_resolution=\u00a0\u00bb480&Prime; screen_normal_spacer_size=\u00a0\u00bb60&Prime;][vc_column_text]<strong>ACTIVIT\u00c9S \/ <\/strong><strong>ANIMATIONS<\/strong><\/p>\n<p style=\"text-align: justify;\">Le cadre exceptionnel au pied du Mont-Blanc nous permettra d\u2019organiser de nombreuses activit\u00e9s en ext\u00e9rieur. Des veill\u00e9es \u00e0 th\u00e8me seront organis\u00e9es tous les soirs, sans oublier les ateliers cuisine et la fameuse<strong> Boum<\/strong> pour terminer le s\u00e9jour.<\/p>\n<p>[\/vc_column_text][dfd_spacer screen_wide_spacer_size=\u00a0\u00bb10&Prime; screen_normal_resolution=\u00a0\u00bb1024&Prime; screen_tablet_resolution=\u00a0\u00bb800&Prime; screen_mobile_resolution=\u00a0\u00bb480&Prime; screen_normal_spacer_size=\u00a0\u00bb60&Prime;][\/vc_column_inner][\/vc_row_inner][vc_row_inner][vc_column_inner width=\u00a0\u00bb1\/3&Prime;][vc_column_text]<img loading=\"lazy\" class=\"alignnone size-full wp-image-9855\" src=\"https:\/\/aura-handball.fr\/stages-vacances\/wp-content\/uploads\/2022\/11\/2022_Passy_S1_arrivee_900x600.jpg\" alt=\"\" width=\"900\" height=\"600\" data-id=\"9855\" srcset=\"https:\/\/aura-handball.fr\/stages-vacances\/wp-content\/uploads\/2022\/11\/2022_Passy_S1_arrivee_900x600.jpg 900w, https:\/\/aura-handball.fr\/stages-vacances\/wp-content\/uploads\/2022\/11\/2022_Passy_S1_arrivee_900x600-300x200.jpg 300w, https:\/\/aura-handball.fr\/stages-vacances\/wp-content\/uploads\/2022\/11\/2022_Passy_S1_arrivee_900x600-768x512.jpg 768w\" sizes=\"(max-width: 900px) 100vw, 900px\" \/>[\/vc_column_text][\/vc_column_inner][vc_column_inner width=\u00a0\u00bb1\/3&Prime;][vc_column_text]<img loading=\"lazy\" class=\"alignnone size-full wp-image-9857\" src=\"https:\/\/aura-handball.fr\/stages-vacances\/wp-content\/uploads\/2022\/11\/2022_Passy_S3_veillee_900x600.jpg\" alt=\"\" width=\"900\" height=\"600\" data-id=\"9857\" srcset=\"https:\/\/aura-handball.fr\/stages-vacances\/wp-content\/uploads\/2022\/11\/2022_Passy_S3_veillee_900x600.jpg 900w, https:\/\/aura-handball.fr\/stages-vacances\/wp-content\/uploads\/2022\/11\/2022_Passy_S3_veillee_900x600-300x200.jpg 300w, https:\/\/aura-handball.fr\/stages-vacances\/wp-content\/uploads\/2022\/11\/2022_Passy_S3_veillee_900x600-768x512.jpg 768w\" sizes=\"(max-width: 900px) 100vw, 900px\" \/>[\/vc_column_text][\/vc_column_inner][vc_column_inner width=\u00a0\u00bb1\/3&Prime;][vc_column_text]<img loading=\"lazy\" class=\"alignnone size-full wp-image-9856\" src=\"https:\/\/aura-handball.fr\/stages-vacances\/wp-content\/uploads\/2022\/11\/2022_Passy_S3_rafting_900x600.jpg\" alt=\"\" width=\"900\" height=\"600\" data-id=\"9856\" srcset=\"https:\/\/aura-handball.fr\/stages-vacances\/wp-content\/uploads\/2022\/11\/2022_Passy_S3_rafting_900x600.jpg 900w, https:\/\/aura-handball.fr\/stages-vacances\/wp-content\/uploads\/2022\/11\/2022_Passy_S3_rafting_900x600-300x200.jpg 300w, https:\/\/aura-handball.fr\/stages-vacances\/wp-content\/uploads\/2022\/11\/2022_Passy_S3_rafting_900x600-768x512.jpg 768w\" sizes=\"(max-width: 900px) 100vw, 900px\" \/>[\/vc_column_text][\/vc_column_inner][\/vc_row_inner][vc_row_inner][vc_column_inner][dfd_spacer screen_wide_spacer_size=\u00a0\u00bb40&Prime; screen_normal_resolution=\u00a0\u00bb1024&Prime; screen_tablet_resolution=\u00a0\u00bb800&Prime; screen_mobile_resolution=\u00a0\u00bb480&Prime; screen_normal_spacer_size=\u00a0\u00bb60&Prime;][dfd_delimiter delimiter_style=\u00a0\u00bbdfd-delimiter-with-line\u00a0\u00bb][dfd_spacer screen_wide_spacer_size=\u00a0\u00bb20&Prime; screen_normal_resolution=\u00a0\u00bb1024&Prime; screen_tablet_resolution=\u00a0\u00bb800&Prime; screen_mobile_resolution=\u00a0\u00bb480&Prime; screen_normal_spacer_size=\u00a0\u00bb60&Prime;][vc_column_text]Le montant de l\u2019inscription du stage est de :<\/p>\n<ul>\n<li>560 \u20ac la semaine (tarif normal)<\/li>\n<li>550 \u20ac la semaine pour un enfant qui a d\u00e9j\u00e0 particip\u00e9 au stage<\/li>\n<li>540 \u20ac la semaine pour chacun des 2 enfants ou plus d\u2019une m\u00eame famille<\/li>\n<\/ul>\n<p>Pour les inscriptions, rendez-vous dans le menu <strong><a href=\"http:\/\/aura-handball.fr\/stages-vacances\/inscriptions\">inscriptions<\/a><\/strong>.[\/vc_column_text][dfd_spacer screen_wide_spacer_size=\u00a0\u00bb40&Prime; screen_normal_resolution=\u00a0\u00bb1024&Prime; screen_tablet_resolution=\u00a0\u00bb800&Prime; screen_mobile_resolution=\u00a0\u00bb480&Prime; screen_normal_spacer_size=\u00a0\u00bb60&Prime;][vc_column_text]<img loading=\"lazy\" class=\"wp-image-9858 aligncenter\" src=\"https:\/\/aura-handball.fr\/stages-vacances\/wp-content\/uploads\/2022\/11\/2022_Passy_staff.jpeg\" alt=\"\" width=\"647\" height=\"364\" data-id=\"9858\" srcset=\"https:\/\/aura-handball.fr\/stages-vacances\/wp-content\/uploads\/2022\/11\/2022_Passy_staff.jpeg 960w, https:\/\/aura-handball.fr\/stages-vacances\/wp-content\/uploads\/2022\/11\/2022_Passy_staff-300x169.jpeg 300w, https:\/\/aura-handball.fr\/stages-vacances\/wp-content\/uploads\/2022\/11\/2022_Passy_staff-768x433.jpeg 768w\" sizes=\"(max-width: 647px) 100vw, 647px\" \/>[\/vc_column_text][\/vc_column_inner][\/vc_row_inner][vc_row_inner][vc_column_inner][dfd_spacer screen_wide_spacer_size=\u00a0\u00bb40&Prime; screen_normal_resolution=\u00a0\u00bb1024&Prime; screen_tablet_resolution=\u00a0\u00bb800&Prime; screen_mobile_resolution=\u00a0\u00bb480&Prime; screen_normal_spacer_size=\u00a0\u00bb60&Prime;][dfd_delimiter delimiter_style=\u00a0\u00bbdfd-delimiter-with-line\u00a0\u00bb delimiter_height=\u00a0\u00bb2&Prime; delim_line_color=\u00a0\u00bb#1c3f70&Prime;][dfd_spacer screen_wide_spacer_size=\u00a0\u00bb20&Prime; screen_normal_resolution=\u00a0\u00bb1024&Prime; screen_tablet_resolution=\u00a0\u00bb800&Prime; screen_mobile_resolution=\u00a0\u00bb480&Prime; screen_normal_spacer_size=\u00a0\u00bb60&Prime;][vc_column_text]<\/p>\n<p class=\"p1\" style=\"text-align: justify;\"><strong>| NOUVEAUT\u00c9 2023 &#8211; ACTIVIT\u00c9 POUR LES PARENTS SANS LES ENFANTS |<\/strong><\/p>\n<p class=\"p1\" style=\"text-align: justify;\"><strong>Une parenth\u00e8se au grand air !<\/strong> Chaque dimanche, vous aurez la possibilit\u00e9 de r\u00e9server une nuit en bivouac. Le bivouac consiste \u00e0 mettre en \u0153uvre un campement l\u00e9ger et provisoire pour passer la nuit. Il se fait en plein air et sans tente. Cette activit\u00e9 est propos\u00e9e par notre prestataire \u00ab\u00a0Entre 2 Mondes\u00a0\u00bb.<\/p>\n<p class=\"p1\" style=\"text-align: justify;\">Prix de la prestation : 140 \u20ac\/ pers (soir\u00e9e + soup\u00e9 + bivouac + petit d\u00e9jeuner)<br \/>\n<i>Le transport entre le lieu de rendez-vous et le d\u00e9part pour le bivouac sera \u00e0 la charge du participant.<br \/>\n<\/i><i>Possibilit\u00e9 de louer un sac de couchage (20 \u20ac) et\/ou un tapis de sol (7 \u20ac).<\/i><\/p>\n<p class=\"p1\" style=\"text-align: justify;\"><strong>Vous \u00eates int\u00e9ress\u00e9s\u00a0?<\/strong>\u00a0Informations\u00a0et r\u00e9servations directement aupr\u00e8s de notre prestataire\u00a0\u00ab\u00a0Entre 2 Mondes\u00a0\u00bb &gt; St\u00e9phane REVOL | 06 09 41 84 33 &#8211;\u00a0<a href=\"mailto:stephane@entre2mondes.fr\"><span class=\"s1\">stephane@entre2mondes.fr<\/span><\/a>.<br \/>\n<em>Cette activit\u00e9 pourra se d\u00e9rouler avec un minimum de 5 participants et un maximum de 20 participants.<\/em><\/p>\n<p>[\/vc_column_text][dfd_spacer screen_wide_spacer_size=\u00a0\u00bb20&Prime; screen_normal_resolution=\u00a0\u00bb1024&Prime; screen_tablet_resolution=\u00a0\u00bb800&Prime; screen_mobile_resolution=\u00a0\u00bb480&Prime; screen_normal_spacer_size=\u00a0\u00bb60&Prime;][dfd_delimiter delimiter_style=\u00a0\u00bbdfd-delimiter-with-line\u00a0\u00bb delimiter_height=\u00a0\u00bb2&Prime; delim_line_color=\u00a0\u00bb#1c3f70&Prime;][\/vc_column_inner][\/vc_row_inner][\/vc_column][vc_column width=\u00a0\u00bb1\/4&Prime; css=\u00a0\u00bb.vc_custom_1530025584676{padding-top: 3% !important;padding-left: 3% !important;}\u00a0\u00bb col_shadow=\u00a0\u00bbbox_shadow_enable:disable|shadow_horizontal:0|shadow_vertical:15|shadow_blur:50|shadow_spread:0|box_shadow_color:rgba(0%2C0%2C0%2C0.35)\u00a0\u00bb col_shadow_hover=\u00a0\u00bbbox_shadow_enable:disable|shadow_horizontal:0|shadow_vertical:15|shadow_blur:50|shadow_spread:0|box_shadow_color:rgba(0%2C0%2C0%2C0.35)\u00a0\u00bb][vc_widget_sidebar sidebar_id=\u00a0\u00bbsd521_174gzq\u00a0\u00bb][dfd_spacer screen_wide_spacer_size=\u00a0\u00bb10&Prime; screen_normal_resolution=\u00a0\u00bb1024&Prime; screen_tablet_resolution=\u00a0\u00bb800&Prime; screen_mobile_resolution=\u00a0\u00bb480&Prime;][\/vc_column][\/vc_row]<\/p>\n","protected":false},"excerpt":{"rendered":"<p>[vc_row bg_check=\u00a0\u00bbrow-background-dark\u00a0\u00bb dfd_bg_style=\u00a0\u00bbimage\u00a0\u00bb dfd_parallax_style=\u00a0\u00bbdfd_vertical_parallax\u00a0\u00bb dfd_bg_image_new=\u00a0\u00bb78&Prime; dfd_bg_image_repeat=\u00a0\u00bbno-repeat\u00a0\u00bb dfd_bg_image_position=\u00a0\u00bbcenter center\u00a0\u00bb dfd_bg_image_new_responsive=\u00a0\u00bb23043&Prime; dfd_enable_overlay=\u00a0\u00bbyes\u00a0\u00bb dfd_overlay_color=\u00a0\u00bbrgba(0,0,0,0.22)\u00a0\u00bb dfd_overlay_pattern=\u00a0\u00bb01.png\u00a0\u00bb dfd_row_responsive_enable=\u00a0\u00bbdfd-row-responsive-enable\u00a0\u00bb responsive_styles=\u00a0\u00bbpadding_left_desktop:10|padding_right_desktop:10|padding_left_tablet:10|padding_right_tablet:10|padding_left_mobile:20|padding_right_mobile:20&Prime;][vc_column col_shadow=\u00a0\u00bbbox_shadow_enable:disable|shadow_horizontal:0|shadow_vertical:15|shadow_blur:50|shadow_spread:0|box_shadow_color:rgba(0%2C0%2C0%2C0.35)\u00a0\u00bb col_shadow_hover=\u00a0\u00bbbox_shadow_enable:disable|shadow_horizontal:0|shadow_vertical:15|shadow_blur:50|shadow_spread:0|box_shadow_color:rgba(0%2C0%2C0%2C0.35)\u00a0\u00bb][dfd_spacer screen_wide_spacer_size=\u00a0\u00bb80&Prime; screen_normal_resolution=\u00a0\u00bb1280&Prime; screen_tablet_resolution=\u00a0\u00bb1024&Prime; screen_mobile_resolution=\u00a0\u00bb800&Prime; screen_normal_spacer_size=\u00a0\u00bb60&Prime; screen_tablet_spacer_size=\u00a0\u00bb40&Prime; screen_mobile_spacer_size=\u00a0\u00bb40&Prime;][dfd_heading subtitle=\u00a0\u00bb\u00a0\u00bb module_animation=\u00a0\u00bbtransition.expandIn\u00a0\u00bb enable_delimiter=\u00a0\u00bb\u00a0\u00bb undefined=\u00a0\u00bb\u00a0\u00bb title_font_options=\u00a0\u00bbtag:h2|font_size:35|line_height:44|letter_spacing:1&Prime; subtitle_font_options=\u00a0\u00bbtag:h3|font_size:18|color:%23ffffff|letter_spacing:1&Prime; title_responsive=\u00a0\u00bbfont_size_tablet:36|line_height_tablet:48|font_size_mobile:28|line_height_mobile:38&Prime;]Stage<\/p>\n","protected":false},"author":1,"featured_media":0,"parent":6583,"menu_order":2,"comment_status":"closed","ping_status":"closed","template":"tmp-page.php","meta":[],"_links":{"self":[{"href":"https:\/\/aura-handball.fr\/stages-vacances\/wp-json\/wp\/v2\/pages\/25"}],"collection":[{"href":"https:\/\/aura-handball.fr\/stages-vacances\/wp-json\/wp\/v2\/pages"}],"about":[{"href":"https:\/\/aura-handball.fr\/stages-vacances\/wp-json\/wp\/v2\/types\/page"}],"author":[{"embeddable":true,"href":"https:\/\/aura-handball.fr\/stages-vacances\/wp-json\/wp\/v2\/users\/1"}],"replies":[{"embeddable":true,"href":"https:\/\/aura-handball.fr\/stages-vacances\/wp-json\/wp\/v2\/comments?post=25"}],"version-history":[{"count":91,"href":"https:\/\/aura-handball.fr\/stages-vacances\/wp-json\/wp\/v2\/pages\/25\/revisions"}],"predecessor-version":[{"id":9955,"href":"https:\/\/aura-handball.fr\/stages-vacances\/wp-json\/wp\/v2\/pages\/25\/revisions\/9955"}],"up":[{"embeddable":true,"href":"https:\/\/aura-handball.fr\/stages-vacances\/wp-json\/wp\/v2\/pages\/6583"}],"wp:attachment":[{"href":"https:\/\/aura-handball.fr\/stages-vacances\/wp-json\/wp\/v2\/media?parent=25"}],"curies":[{"name":"wp","href":"https:\/\/api.w.org\/{rel}","templated":true}]}}