{"id":11676,"date":"2024-01-12T18:19:46","date_gmt":"2024-01-12T18:19:46","guid":{"rendered":"https:\/\/aura-handball.fr\/stages-vacances\/?page_id=11676"},"modified":"2026-04-10T12:13:37","modified_gmt":"2026-04-10T12:13:37","slug":"presentation","status":"publish","type":"page","link":"https:\/\/aura-handball.fr\/stages-vacances\/stage-plateau-hauteville\/presentation","title":{"rendered":"Pr\u00e9sentation Plateau d&rsquo;Hauteville"},"content":{"rendered":"<p>[vc_row bg_check=\u00a0\u00bbrow-background-dark\u00a0\u00bb dfd_enable_overlay=\u00a0\u00bbyes\u00a0\u00bb dfd_overlay_color=\u00a0\u00bb#1a3e71&Prime; dfd_overlay_pattern=\u00a0\u00bbtransperant\u00a0\u00bb dfd_overlay_pattern_opacity=\u00a0\u00bb100&Prime; dfd_row_responsive_enable=\u00a0\u00bbdfd-row-responsive-enable\u00a0\u00bb responsive_styles=\u00a0\u00bbpadding_left_desktop:10|padding_right_desktop:10|padding_left_tablet:10|padding_right_tablet:10|padding_left_mobile:20|padding_right_mobile:20&Prime;][vc_column col_shadow=\u00a0\u00bbbox_shadow_enable:disable|shadow_horizontal:0|shadow_vertical:15|shadow_blur:50|shadow_spread:0|box_shadow_color:rgba(0%2C0%2C0%2C0.35)\u00a0\u00bb col_shadow_hover=\u00a0\u00bbbox_shadow_enable:disable|shadow_horizontal:0|shadow_vertical:15|shadow_blur:50|shadow_spread:0|box_shadow_color:rgba(0%2C0%2C0%2C0.35)\u00a0\u00bb][dfd_spacer screen_wide_spacer_size=\u00a0\u00bb80&Prime; screen_normal_resolution=\u00a0\u00bb1280&Prime; screen_tablet_resolution=\u00a0\u00bb1024&Prime; screen_mobile_resolution=\u00a0\u00bb800&Prime; screen_normal_spacer_size=\u00a0\u00bb60&Prime; screen_tablet_spacer_size=\u00a0\u00bb40&Prime; screen_mobile_spacer_size=\u00a0\u00bb40&Prime;][dfd_heading subtitle=\u00a0\u00bb\u00a0\u00bb module_animation=\u00a0\u00bbtransition.expandIn\u00a0\u00bb enable_delimiter=\u00a0\u00bb\u00a0\u00bb undefined=\u00a0\u00bb\u00a0\u00bb title_font_options=\u00a0\u00bbtag:h2|font_size:35|line_height:44|letter_spacing:1&Prime; subtitle_font_options=\u00a0\u00bbtag:h3|font_size:18|color:%23ffffff|letter_spacing:1&Prime; title_responsive=\u00a0\u00bbfont_size_tablet:36|line_height_tablet:48|font_size_mobile:28|line_height_mobile:38&Prime;]Stage du Plateau d&rsquo;Hauteville[\/dfd_heading][dfd_spacer screen_wide_spacer_size=\u00a0\u00bb140&Prime; screen_normal_resolution=\u00a0\u00bb1280&Prime; screen_tablet_resolution=\u00a0\u00bb1024&Prime; screen_mobile_resolution=\u00a0\u00bb800&Prime; screen_normal_spacer_size=\u00a0\u00bb100&Prime; screen_tablet_spacer_size=\u00a0\u00bb60&Prime; screen_mobile_spacer_size=\u00a0\u00bb100&Prime;][\/vc_column][\/vc_row][vc_row dfd_row_responsive_enable=\u00a0\u00bbdfd-row-responsive-enable\u00a0\u00bb responsive_styles=\u00a0\u00bbpadding_left_desktop:20|padding_right_desktop:20|padding_left_tablet:20|padding_right_tablet:20|padding_left_mobile:20|padding_right_mobile:20&Prime;][vc_column width=\u00a0\u00bb3\/4&Prime; css=\u00a0\u00bb.vc_custom_1530025651357{margin-top: -80px !important;padding-top: 3% !important;padding-right: 4% !important;padding-bottom: 4% !important;padding-left: 4% !important;background-color: #ffffff !important;background-position: center !important;background-repeat: no-repeat !important;background-size: cover !important;}\u00a0\u00bb col_shadow=\u00a0\u00bbbox_shadow_enable:enable|shadow_horizontal:0|shadow_vertical:30|shadow_blur:120|shadow_spread:0|box_shadow_color:rgba(0%2C0%2C0%2C0.25)\u00a0\u00bb col_shadow_hover=\u00a0\u00bbbox_shadow_enable:enable|shadow_horizontal:0|shadow_vertical:30|shadow_blur:120|shadow_spread:0|box_shadow_color:rgba(0%2C0%2C0%2C0.25)\u00a0\u00bb][vc_row_inner][vc_column_inner][dfd_heading subtitle=\u00a0\u00bb\u00a0\u00bb content_alignment=\u00a0\u00bbtext-left\u00a0\u00bb delimiter_settings=\u00a0\u00bbdelimiter_style:solid|delimiter_width:80|delimiter_height:1&Prime; title_font_options=\u00a0\u00bbtag:h2|font_size:28|color:%23013c74&Prime; subtitle_font_options=\u00a0\u00bbtag:div\u00a0\u00bb]Pr\u00e9sentation[\/dfd_heading][\/vc_column_inner][\/vc_row_inner][dfd_spacer screen_wide_spacer_size=\u00a0\u00bb20&Prime; screen_normal_resolution=\u00a0\u00bb1024&Prime; screen_tablet_resolution=\u00a0\u00bb800&Prime; screen_mobile_resolution=\u00a0\u00bb480&Prime; screen_normal_spacer_size=\u00a0\u00bb60&Prime;][vc_row_inner][vc_column_inner width=\u00a0\u00bb1\/3&Prime;][dfd_spacer screen_wide_spacer_size=\u00a0\u00bb40&Prime; screen_normal_resolution=\u00a0\u00bb1024&Prime; screen_tablet_resolution=\u00a0\u00bb800&Prime; screen_mobile_resolution=\u00a0\u00bb480&Prime;][vc_column_text]<img loading=\"lazy\" class=\"wp-image-11726 aligncenter\" src=\"https:\/\/aura-handball.fr\/stages-vacances\/wp-content\/uploads\/2024\/01\/CE3S-BC-hauteur_redim-1024x542.png\" alt=\"\" width=\"668\" height=\"354\" data-id=\"11726\" srcset=\"https:\/\/aura-handball.fr\/stages-vacances\/wp-content\/uploads\/2024\/01\/CE3S-BC-hauteur_redim-1024x542.png 1024w, https:\/\/aura-handball.fr\/stages-vacances\/wp-content\/uploads\/2024\/01\/CE3S-BC-hauteur_redim-300x159.png 300w, https:\/\/aura-handball.fr\/stages-vacances\/wp-content\/uploads\/2024\/01\/CE3S-BC-hauteur_redim-768x407.png 768w, https:\/\/aura-handball.fr\/stages-vacances\/wp-content\/uploads\/2024\/01\/CE3S-BC-hauteur_redim-1536x813.png 1536w, https:\/\/aura-handball.fr\/stages-vacances\/wp-content\/uploads\/2024\/01\/CE3S-BC-hauteur_redim.png 1583w\" sizes=\"(max-width: 668px) 100vw, 668px\" \/>[\/vc_column_text][dfd_spacer screen_wide_spacer_size=\u00a0\u00bb20&Prime; screen_normal_resolution=\u00a0\u00bb1024&Prime; screen_tablet_resolution=\u00a0\u00bb800&Prime; screen_mobile_resolution=\u00a0\u00bb480&Prime;][vc_column_text]<img loading=\"lazy\" class=\"alignnone wp-image-13804\" src=\"https:\/\/aura-handball.fr\/stages-vacances\/wp-content\/uploads\/2024\/12\/PH_2024_jeunes_staff-1024x575.jpg\" alt=\"\" width=\"504\" height=\"283\" data-id=\"13804\" srcset=\"https:\/\/aura-handball.fr\/stages-vacances\/wp-content\/uploads\/2024\/12\/PH_2024_jeunes_staff-1024x575.jpg 1024w, https:\/\/aura-handball.fr\/stages-vacances\/wp-content\/uploads\/2024\/12\/PH_2024_jeunes_staff-300x169.jpg 300w, https:\/\/aura-handball.fr\/stages-vacances\/wp-content\/uploads\/2024\/12\/PH_2024_jeunes_staff-768x432.jpg 768w, https:\/\/aura-handball.fr\/stages-vacances\/wp-content\/uploads\/2024\/12\/PH_2024_jeunes_staff-1536x863.jpg 1536w, https:\/\/aura-handball.fr\/stages-vacances\/wp-content\/uploads\/2024\/12\/PH_2024_jeunes_staff.jpg 1600w\" sizes=\"(max-width: 504px) 100vw, 504px\" \/>[\/vc_column_text][\/vc_column_inner][vc_column_inner width=\u00a0\u00bb2\/3&Prime;][vc_column_text]<\/p>\n<p style=\"text-align: center;\"><span style=\"color: #1a3e71;\"><strong><span style=\"font-size: 14pt;\">5 &#8211; 11 juillet 2026 \/\/ 12 &#8211; 18 juillet 2026 \/\/ 19 &#8211; 25 juillet 2026<\/span><\/strong><\/span><span style=\"font-size: 12pt;\"><span style=\"color: #1a3e71;\"><strong><br \/>\n<\/strong><\/span><strong><span style=\"color: #808080;\"><em>stage ouvert aux 10 &#8211; 17 ans*<\/em><\/span><\/strong><i><\/i><\/span><\/p>\n<p>&nbsp;<\/p>\n<p style=\"text-align: justify;\">Depuis l&rsquo;\u00e9t\u00e9 2024, le stage du mois de juillet a d\u00e9m\u00e9nag\u00e9 dans l&rsquo;Ain \u00e0 environ 950 m\u00e8tres d&rsquo;altitude : <strong>au<\/strong> <strong>Plateau d&rsquo;Hauteville<\/strong>.<\/p>\n<p style=\"text-align: justify;\">Chaque activit\u00e9 est encadr\u00e9e par des personnes dipl\u00f4m\u00e9es. Ce s\u00e9jour de vacances (Accueil Collectif de Mineurs) est agr\u00e9\u00e9 par le Service D\u00e9partemental \u00e0 la Jeunesse, \u00e0 l\u2019Engagement et aux Sports (SDJES).<\/p>\n<p style=\"text-align: justify;\">Les stagiaires sont h\u00e9berg\u00e9s pour la majorit\u00e9 dans un b\u00e2timent d&rsquo;internat de la <strong>Maison Familiale et Rurale de Cormaranche<\/strong> (<a href=\"https:\/\/www.mfr-cormaranche.com\/\" target=\"_blank\" rel=\"noopener\"><span style=\"color: #800000;\">+ d&rsquo;infos<\/span><\/a>). Le site d&rsquo;accueil \u2022 Boost Center \u2022 <span style=\"text-align: justify;\">dispose <\/span><span style=\"text-align: justify;\">de deux gymnases en configuration handball et de nombreuses installations sportives (<\/span><span style=\"color: #800000;\"><a style=\"color: #800000;\" href=\"https:\/\/boostcenter.fr\/\" target=\"_blank\" rel=\"noopener\">+ d&rsquo;infos<\/a><\/span><span style=\"text-align: justify;\">).<\/span><\/p>\n<p style=\"text-align: justify;\">L&rsquo;\u00e9dition 2026 sera construite autour d&rsquo;un fil rouge :<strong> LA MUSIQUE<\/strong>.<\/p>\n<p>&nbsp;<\/p>\n<p><i style=\"color: #808080;\">*enfants n\u00e9s entre 2008 (n\u2019ayant pas 18 ans au moment du stage) et 2016 (pouvant avoir 9 ans)<\/i>[\/vc_column_text][dfd_spacer screen_wide_spacer_size=\u00a0\u00bb20&Prime; screen_normal_resolution=\u00a0\u00bb1024&Prime; screen_tablet_resolution=\u00a0\u00bb800&Prime; screen_mobile_resolution=\u00a0\u00bb480&Prime; tutorials=\u00a0\u00bb\u00a0\u00bb][dfd_button button_text=\u00a0\u00bbInscription\u00a0\u00bb border=\u00a0\u00bbborder_style:none\u00a0\u00bb hover_border=\u00a0\u00bbborder_style:solid|border_color:%231a3e71&Prime; main_style=\u00a0\u00bbstyle-2&Prime; box_shadow=\u00a0\u00bbbox_shadow_enable:disable|shadow_horizontal:0|shadow_vertical:15|shadow_blur:50|shadow_spread:0|box_shadow_color:rgba(0%2C0%2C0%2C0.35)\u00a0\u00bb hover_box_shadow=\u00a0\u00bbbox_shadow_enable:disable|shadow_horizontal:0|shadow_vertical:15|shadow_blur:50|shadow_spread:0|box_shadow_color:rgba(0%2C0%2C0%2C0.35)\u00a0\u00bb buttom_link_src=\u00a0\u00bburl:https%3A%2F%2Faura-handball.fr%2Fstages-vacances%2Finscriptions\u00a0\u00bb hover_text_color=\u00a0\u00bb#ffffff\u00a0\u00bb hover_background=\u00a0\u00bb#1a3e71&Prime;][\/vc_column_inner][\/vc_row_inner][vc_row_inner][vc_column_inner][dfd_spacer screen_wide_spacer_size=\u00a0\u00bb60&Prime; screen_normal_resolution=\u00a0\u00bb1024&Prime; screen_tablet_resolution=\u00a0\u00bb800&Prime; screen_mobile_resolution=\u00a0\u00bb480&Prime;][vc_column_text]<strong>HANDBALL<\/strong><\/p>\n<p class=\"p1\" style=\"text-align: justify;\">7 temps de handball par groupe dont un match seront planifi\u00e9s chaque semaine dans les deux gymnases du site ainsi que des temps de r\u00e9cup\u00e9ration.<\/p>\n<p>[\/vc_column_text][dfd_spacer screen_wide_spacer_size=\u00a0\u00bb30&Prime; screen_normal_resolution=\u00a0\u00bb1024&Prime; screen_tablet_resolution=\u00a0\u00bb800&Prime; screen_mobile_resolution=\u00a0\u00bb480&Prime;][\/vc_column_inner][\/vc_row_inner][vc_row_inner][vc_column_inner width=\u00a0\u00bb1\/3&Prime;][vc_column_text]<img loading=\"lazy\" class=\"alignnone wp-image-15115 aligncenter\" src=\"https:\/\/aura-handball.fr\/stages-vacances\/wp-content\/uploads\/2025\/12\/P1020566_PH_S1_Lundi_G5_Hand_redim-BD-1024x683.jpg\" alt=\"\" width=\"390\" height=\"260\" data-id=\"15115\" srcset=\"https:\/\/aura-handball.fr\/stages-vacances\/wp-content\/uploads\/2025\/12\/P1020566_PH_S1_Lundi_G5_Hand_redim-BD-1024x683.jpg 1024w, https:\/\/aura-handball.fr\/stages-vacances\/wp-content\/uploads\/2025\/12\/P1020566_PH_S1_Lundi_G5_Hand_redim-BD-300x200.jpg 300w, https:\/\/aura-handball.fr\/stages-vacances\/wp-content\/uploads\/2025\/12\/P1020566_PH_S1_Lundi_G5_Hand_redim-BD-768x512.jpg 768w, https:\/\/aura-handball.fr\/stages-vacances\/wp-content\/uploads\/2025\/12\/P1020566_PH_S1_Lundi_G5_Hand_redim-BD.jpg 1350w\" sizes=\"(max-width: 390px) 100vw, 390px\" \/>[\/vc_column_text][\/vc_column_inner][vc_column_inner width=\u00a0\u00bb1\/3&Prime;][vc_column_text]<img loading=\"lazy\" class=\"wp-image-15114 aligncenter\" src=\"https:\/\/aura-handball.fr\/stages-vacances\/wp-content\/uploads\/2025\/12\/IMG_4839_PH_S3_Lundi_G1_Hand_redim_BD-1024x683.jpg\" alt=\"\" width=\"390\" height=\"260\" data-id=\"15114\" srcset=\"https:\/\/aura-handball.fr\/stages-vacances\/wp-content\/uploads\/2025\/12\/IMG_4839_PH_S3_Lundi_G1_Hand_redim_BD-1024x683.jpg 1024w, https:\/\/aura-handball.fr\/stages-vacances\/wp-content\/uploads\/2025\/12\/IMG_4839_PH_S3_Lundi_G1_Hand_redim_BD-300x200.jpg 300w, https:\/\/aura-handball.fr\/stages-vacances\/wp-content\/uploads\/2025\/12\/IMG_4839_PH_S3_Lundi_G1_Hand_redim_BD-768x512.jpg 768w, https:\/\/aura-handball.fr\/stages-vacances\/wp-content\/uploads\/2025\/12\/IMG_4839_PH_S3_Lundi_G1_Hand_redim_BD.jpg 1350w\" sizes=\"(max-width: 390px) 100vw, 390px\" \/>[\/vc_column_text][\/vc_column_inner][vc_column_inner width=\u00a0\u00bb1\/3&Prime;][vc_column_text]<img loading=\"lazy\" class=\"wp-image-15113 aligncenter\" src=\"https:\/\/aura-handball.fr\/stages-vacances\/wp-content\/uploads\/2025\/12\/IMG_4823_PH_S3_Lundi_G2_Hand_redim_BD-1024x683.jpg\" alt=\"\" width=\"390\" height=\"260\" data-id=\"15113\" srcset=\"https:\/\/aura-handball.fr\/stages-vacances\/wp-content\/uploads\/2025\/12\/IMG_4823_PH_S3_Lundi_G2_Hand_redim_BD-1024x683.jpg 1024w, https:\/\/aura-handball.fr\/stages-vacances\/wp-content\/uploads\/2025\/12\/IMG_4823_PH_S3_Lundi_G2_Hand_redim_BD-300x200.jpg 300w, https:\/\/aura-handball.fr\/stages-vacances\/wp-content\/uploads\/2025\/12\/IMG_4823_PH_S3_Lundi_G2_Hand_redim_BD-768x512.jpg 768w, https:\/\/aura-handball.fr\/stages-vacances\/wp-content\/uploads\/2025\/12\/IMG_4823_PH_S3_Lundi_G2_Hand_redim_BD.jpg 1350w\" sizes=\"(max-width: 390px) 100vw, 390px\" \/>[\/vc_column_text][\/vc_column_inner][\/vc_row_inner][vc_row_inner][vc_column_inner][dfd_spacer screen_wide_spacer_size=\u00a0\u00bb60&Prime; screen_normal_resolution=\u00a0\u00bb1024&Prime; screen_tablet_resolution=\u00a0\u00bb800&Prime; screen_mobile_resolution=\u00a0\u00bb480&Prime;][vc_column_text]<strong>ACTIVIT\u00c9S<br \/>\n<\/strong><\/p>\n<p style=\"text-align: justify;\">Les activit\u00e9s propos\u00e9es chaque semaine seront encadr\u00e9es par l\u2019\u00e9quipe d\u2019animation de vie quotidienne.<\/p>\n<p>&nbsp;<\/p>\n<div class=\"wpb_text_column wpb_content_element \">\n<div class=\"wpb_wrapper\">\n<p style=\"text-align: justify;\"><strong>PROGRAMME 2026<\/strong><\/p>\n<ul class=\"ul1\">\n<li class=\"li1\">des animations et des veill\u00e9es chaque jour\/soir en lien avec le fil rouge choisi pour cette \u00e9dition (la musique)<\/li>\n<li class=\"li1\"><b><i>[nouveaut\u00e9]\u00a0<\/i><\/b>une journ\u00e9e en ext\u00e9rieur avec du tir \u00e0 la\u00a0carabine \u00e0 plomb et des mini-jeux sur le stade de biathlon, une course d\u2019orientation et une randonn\u00e9e th\u00e9matique adapt\u00e9e \u00e0 l\u2019\u00e2ge des enfants<\/li>\n<li class=\"li1\">une session piscine par groupe<\/li>\n<li class=\"li1\">un tournoi de Greenball (tournoi sur herbe)<\/li>\n<li class=\"li1\">une soir\u00e9e cr\u00e9ative \u00ab\u00a0<i>Nos stagiaires ont du talent\u00a0<\/i>\u00bb<\/li>\n<li class=\"li1\">la traditionnelle soir\u00e9e boum du vendredi<\/li>\n<\/ul>\n<\/div>\n<\/div>\n<p>[\/vc_column_text][dfd_spacer screen_wide_spacer_size=\u00a0\u00bb30&Prime; screen_normal_resolution=\u00a0\u00bb1024&Prime; screen_tablet_resolution=\u00a0\u00bb800&Prime; screen_mobile_resolution=\u00a0\u00bb480&Prime;][\/vc_column_inner][\/vc_row_inner][vc_row_inner][vc_column_inner width=\u00a0\u00bb1\/3&Prime;][vc_column_text]<img loading=\"lazy\" class=\" wp-image-15118 aligncenter\" src=\"https:\/\/aura-handball.fr\/stages-vacances\/wp-content\/uploads\/2025\/12\/P1020686_PH_S1_Mercredi_Activite_Orientation_redim_BD-1024x683.jpg\" alt=\"\" width=\"390\" height=\"260\" data-id=\"15118\" srcset=\"https:\/\/aura-handball.fr\/stages-vacances\/wp-content\/uploads\/2025\/12\/P1020686_PH_S1_Mercredi_Activite_Orientation_redim_BD-1024x683.jpg 1024w, https:\/\/aura-handball.fr\/stages-vacances\/wp-content\/uploads\/2025\/12\/P1020686_PH_S1_Mercredi_Activite_Orientation_redim_BD-300x200.jpg 300w, https:\/\/aura-handball.fr\/stages-vacances\/wp-content\/uploads\/2025\/12\/P1020686_PH_S1_Mercredi_Activite_Orientation_redim_BD-768x512.jpg 768w, https:\/\/aura-handball.fr\/stages-vacances\/wp-content\/uploads\/2025\/12\/P1020686_PH_S1_Mercredi_Activite_Orientation_redim_BD.jpg 1350w\" sizes=\"(max-width: 390px) 100vw, 390px\" \/>[\/vc_column_text][\/vc_column_inner][vc_column_inner width=\u00a0\u00bb1\/3&Prime;][vc_column_text]<img loading=\"lazy\" class=\" wp-image-15116 aligncenter\" src=\"https:\/\/aura-handball.fr\/stages-vacances\/wp-content\/uploads\/2025\/12\/IMG_2212_PH_S1_Jeudi_Veillee_Talents_redim_BD-1024x683.jpg\" alt=\"\" width=\"390\" height=\"260\" data-id=\"15116\" srcset=\"https:\/\/aura-handball.fr\/stages-vacances\/wp-content\/uploads\/2025\/12\/IMG_2212_PH_S1_Jeudi_Veillee_Talents_redim_BD-1024x683.jpg 1024w, https:\/\/aura-handball.fr\/stages-vacances\/wp-content\/uploads\/2025\/12\/IMG_2212_PH_S1_Jeudi_Veillee_Talents_redim_BD-300x200.jpg 300w, https:\/\/aura-handball.fr\/stages-vacances\/wp-content\/uploads\/2025\/12\/IMG_2212_PH_S1_Jeudi_Veillee_Talents_redim_BD-768x512.jpg 768w, https:\/\/aura-handball.fr\/stages-vacances\/wp-content\/uploads\/2025\/12\/IMG_2212_PH_S1_Jeudi_Veillee_Talents_redim_BD.jpg 1350w\" sizes=\"(max-width: 390px) 100vw, 390px\" \/>[\/vc_column_text][\/vc_column_inner][vc_column_inner width=\u00a0\u00bb1\/3&Prime;][vc_column_text]<img loading=\"lazy\" class=\"wp-image-15117 aligncenter\" src=\"https:\/\/aura-handball.fr\/stages-vacances\/wp-content\/uploads\/2025\/12\/IMG_4953_S3_Jeudi_Greenball_redim_BD-1024x683.jpg\" alt=\"\" width=\"390\" height=\"260\" data-id=\"15117\" srcset=\"https:\/\/aura-handball.fr\/stages-vacances\/wp-content\/uploads\/2025\/12\/IMG_4953_S3_Jeudi_Greenball_redim_BD-1024x683.jpg 1024w, https:\/\/aura-handball.fr\/stages-vacances\/wp-content\/uploads\/2025\/12\/IMG_4953_S3_Jeudi_Greenball_redim_BD-300x200.jpg 300w, https:\/\/aura-handball.fr\/stages-vacances\/wp-content\/uploads\/2025\/12\/IMG_4953_S3_Jeudi_Greenball_redim_BD-768x512.jpg 768w, https:\/\/aura-handball.fr\/stages-vacances\/wp-content\/uploads\/2025\/12\/IMG_4953_S3_Jeudi_Greenball_redim_BD.jpg 1350w\" sizes=\"(max-width: 390px) 100vw, 390px\" \/>[\/vc_column_text][\/vc_column_inner][\/vc_row_inner][vc_row_inner][vc_column_inner][dfd_spacer screen_wide_spacer_size=\u00a0\u00bb40&Prime; screen_normal_resolution=\u00a0\u00bb1024&Prime; screen_tablet_resolution=\u00a0\u00bb800&Prime; screen_mobile_resolution=\u00a0\u00bb480&Prime;][dfd_delimiter delimiter_style=\u00a0\u00bbdfd-delimiter-with-line\u00a0\u00bb delimiter_height=\u00a0\u00bb2&Prime;][dfd_spacer screen_wide_spacer_size=\u00a0\u00bb20&Prime; screen_normal_resolution=\u00a0\u00bb1024&Prime; screen_tablet_resolution=\u00a0\u00bb800&Prime; screen_mobile_resolution=\u00a0\u00bb480&Prime;][vc_column_text]<strong>TARIFS<\/strong><\/p>\n<ul>\n<li>630 \u20ac + 10 \u20ac de frais de dossier pour une nouvelle inscription<\/li>\n<li>610 \u20ac + 10 \u20ac de frais de dossier pour <span data-olk-copy-source=\"MessageBody\">un renouvellement ou pour les enfants d\u2019une m\u00eame fratrie<\/span><\/li>\n<\/ul>\n<p>[\/vc_column_text][dfd_spacer screen_wide_spacer_size=\u00a0\u00bb20&Prime; screen_normal_resolution=\u00a0\u00bb1024&Prime; screen_tablet_resolution=\u00a0\u00bb800&Prime; screen_mobile_resolution=\u00a0\u00bb480&Prime;][dfd_button button_text=\u00a0\u00bbInscription\u00a0\u00bb border=\u00a0\u00bbborder_style:none\u00a0\u00bb hover_border=\u00a0\u00bbborder_style:solid|border_color:%231a3e71&Prime; main_style=\u00a0\u00bbstyle-2&Prime; box_shadow=\u00a0\u00bbbox_shadow_enable:disable|shadow_horizontal:0|shadow_vertical:15|shadow_blur:50|shadow_spread:0|box_shadow_color:rgba(0%2C0%2C0%2C0.35)\u00a0\u00bb hover_box_shadow=\u00a0\u00bbbox_shadow_enable:disable|shadow_horizontal:0|shadow_vertical:15|shadow_blur:50|shadow_spread:0|box_shadow_color:rgba(0%2C0%2C0%2C0.35)\u00a0\u00bb buttom_link_src=\u00a0\u00bburl:https%3A%2F%2Faura-handball.fr%2Fstages-vacances%2Finscriptions\u00a0\u00bb hover_text_color=\u00a0\u00bb#ffffff\u00a0\u00bb hover_background=\u00a0\u00bb#1a3e71&Prime;][dfd_spacer screen_wide_spacer_size=\u00a0\u00bb40&Prime; screen_normal_resolution=\u00a0\u00bb1024&Prime; screen_tablet_resolution=\u00a0\u00bb800&Prime; screen_mobile_resolution=\u00a0\u00bb480&Prime;][dfd_delimiter delimiter_style=\u00a0\u00bbdfd-delimiter-with-line\u00a0\u00bb delimiter_height=\u00a0\u00bb2&Prime;][dfd_spacer screen_wide_spacer_size=\u00a0\u00bb40&Prime; screen_normal_resolution=\u00a0\u00bb1024&Prime; screen_tablet_resolution=\u00a0\u00bb800&Prime; screen_mobile_resolution=\u00a0\u00bb480&Prime;][vc_column_text]<strong>Ludovic DAIN<br \/>\n<\/strong>Directeur<br \/>\n<a href=\"mailto:5100000.ldain@ffhandball.net\">5100000.ldain@ffhandball.net<\/a>\u00a0\u2013 07 76 80 54 45[\/vc_column_text][dfd_spacer screen_wide_spacer_size=\u00a0\u00bb40&Prime; screen_normal_resolution=\u00a0\u00bb1024&Prime; screen_tablet_resolution=\u00a0\u00bb800&Prime; screen_mobile_resolution=\u00a0\u00bb480&Prime;][vc_column_text]<img loading=\"lazy\" class=\" wp-image-15111 aligncenter\" src=\"https:\/\/aura-handball.fr\/stages-vacances\/wp-content\/uploads\/2025\/12\/IMG_1535_PH_staff_redim_BD-1024x683.jpg\" alt=\"\" width=\"559\" height=\"372\" data-id=\"15111\" srcset=\"https:\/\/aura-handball.fr\/stages-vacances\/wp-content\/uploads\/2025\/12\/IMG_1535_PH_staff_redim_BD-1024x683.jpg 1024w, https:\/\/aura-handball.fr\/stages-vacances\/wp-content\/uploads\/2025\/12\/IMG_1535_PH_staff_redim_BD-300x200.jpg 300w, https:\/\/aura-handball.fr\/stages-vacances\/wp-content\/uploads\/2025\/12\/IMG_1535_PH_staff_redim_BD-768x512.jpg 768w, https:\/\/aura-handball.fr\/stages-vacances\/wp-content\/uploads\/2025\/12\/IMG_1535_PH_staff_redim_BD.jpg 1350w\" sizes=\"(max-width: 559px) 100vw, 559px\" \/>[\/vc_column_text][dfd_spacer screen_wide_spacer_size=\u00a0\u00bb40&Prime; screen_normal_resolution=\u00a0\u00bb1024&Prime; screen_tablet_resolution=\u00a0\u00bb800&Prime; screen_mobile_resolution=\u00a0\u00bb480&Prime;][vc_column_text]<\/p>\n<p style=\"text-align: center;\"><iframe loading=\"lazy\" style=\"border: none; overflow: hidden;\" src=\"https:\/\/www.facebook.com\/plugins\/video.php?height=314&amp;href=https%3A%2F%2Fwww.facebook.com%2Freel%2F919034214307532%2F&amp;show_text=false&amp;width=560&amp;t=0\" width=\"560\" height=\"314\" frameborder=\"0\" scrolling=\"no\" allowfullscreen=\"allowfullscreen\"><\/iframe><\/p>\n<p>[\/vc_column_text][\/vc_column_inner][\/vc_row_inner][\/vc_column][vc_column width=\u00a0\u00bb1\/4&Prime; css=\u00a0\u00bb.vc_custom_1530025584676{padding-top: 3% !important;padding-left: 3% !important;}\u00a0\u00bb col_shadow=\u00a0\u00bbbox_shadow_enable:disable|shadow_horizontal:0|shadow_vertical:15|shadow_blur:50|shadow_spread:0|box_shadow_color:rgba(0%2C0%2C0%2C0.35)\u00a0\u00bb col_shadow_hover=\u00a0\u00bbbox_shadow_enable:disable|shadow_horizontal:0|shadow_vertical:15|shadow_blur:50|shadow_spread:0|box_shadow_color:rgba(0%2C0%2C0%2C0.35)\u00a0\u00bb][vc_widget_sidebar sidebar_id=\u00a0\u00bbsd589_1234bbt\u00a0\u00bb][dfd_spacer screen_wide_spacer_size=\u00a0\u00bb10&Prime; screen_normal_resolution=\u00a0\u00bb1024&Prime; screen_tablet_resolution=\u00a0\u00bb800&Prime; screen_mobile_resolution=\u00a0\u00bb480&Prime;][\/vc_column][\/vc_row]<\/p>\n","protected":false},"excerpt":{"rendered":"<p>[vc_row bg_check=\u00a0\u00bbrow-background-dark\u00a0\u00bb dfd_enable_overlay=\u00a0\u00bbyes\u00a0\u00bb dfd_overlay_color=\u00a0\u00bb#1a3e71&Prime; dfd_overlay_pattern=\u00a0\u00bbtransperant\u00a0\u00bb dfd_overlay_pattern_opacity=\u00a0\u00bb100&Prime; dfd_row_responsive_enable=\u00a0\u00bbdfd-row-responsive-enable\u00a0\u00bb responsive_styles=\u00a0\u00bbpadding_left_desktop:10|padding_right_desktop:10|padding_left_tablet:10|padding_right_tablet:10|padding_left_mobile:20|padding_right_mobile:20&Prime;][vc_column col_shadow=\u00a0\u00bbbox_shadow_enable:disable|shadow_horizontal:0|shadow_vertical:15|shadow_blur:50|shadow_spread:0|box_shadow_color:rgba(0%2C0%2C0%2C0.35)\u00a0\u00bb col_shadow_hover=\u00a0\u00bbbox_shadow_enable:disable|shadow_horizontal:0|shadow_vertical:15|shadow_blur:50|shadow_spread:0|box_shadow_color:rgba(0%2C0%2C0%2C0.35)\u00a0\u00bb][dfd_spacer screen_wide_spacer_size=\u00a0\u00bb80&Prime; screen_normal_resolution=\u00a0\u00bb1280&Prime; screen_tablet_resolution=\u00a0\u00bb1024&Prime; screen_mobile_resolution=\u00a0\u00bb800&Prime; screen_normal_spacer_size=\u00a0\u00bb60&Prime; screen_tablet_spacer_size=\u00a0\u00bb40&Prime; screen_mobile_spacer_size=\u00a0\u00bb40&Prime;][dfd_heading subtitle=\u00a0\u00bb\u00a0\u00bb module_animation=\u00a0\u00bbtransition.expandIn\u00a0\u00bb enable_delimiter=\u00a0\u00bb\u00a0\u00bb undefined=\u00a0\u00bb\u00a0\u00bb title_font_options=\u00a0\u00bbtag:h2|font_size:35|line_height:44|letter_spacing:1&Prime; subtitle_font_options=\u00a0\u00bbtag:h3|font_size:18|color:%23ffffff|letter_spacing:1&Prime; title_responsive=\u00a0\u00bbfont_size_tablet:36|line_height_tablet:48|font_size_mobile:28|line_height_mobile:38&Prime;]Stage du Plateau d&rsquo;Hauteville[\/dfd_heading][dfd_spacer screen_wide_spacer_size=\u00a0\u00bb140&Prime; screen_normal_resolution=\u00a0\u00bb1280&Prime; screen_tablet_resolution=\u00a0\u00bb1024&Prime;<\/p>\n","protected":false},"author":3,"featured_media":0,"parent":11682,"menu_order":0,"comment_status":"closed","ping_status":"closed","template":"tmp-page.php","meta":[],"_links":{"self":[{"href":"https:\/\/aura-handball.fr\/stages-vacances\/wp-json\/wp\/v2\/pages\/11676"}],"collection":[{"href":"https:\/\/aura-handball.fr\/stages-vacances\/wp-json\/wp\/v2\/pages"}],"about":[{"href":"https:\/\/aura-handball.fr\/stages-vacances\/wp-json\/wp\/v2\/types\/page"}],"author":[{"embeddable":true,"href":"https:\/\/aura-handball.fr\/stages-vacances\/wp-json\/wp\/v2\/users\/3"}],"replies":[{"embeddable":true,"href":"https:\/\/aura-handball.fr\/stages-vacances\/wp-json\/wp\/v2\/comments?post=11676"}],"version-history":[{"count":116,"href":"https:\/\/aura-handball.fr\/stages-vacances\/wp-json\/wp\/v2\/pages\/11676\/revisions"}],"predecessor-version":[{"id":15265,"href":"https:\/\/aura-handball.fr\/stages-vacances\/wp-json\/wp\/v2\/pages\/11676\/revisions\/15265"}],"up":[{"embeddable":true,"href":"https:\/\/aura-handball.fr\/stages-vacances\/wp-json\/wp\/v2\/pages\/11682"}],"wp:attachment":[{"href":"https:\/\/aura-handball.fr\/stages-vacances\/wp-json\/wp\/v2\/media?parent=11676"}],"curies":[{"name":"wp","href":"https:\/\/api.w.org\/{rel}","templated":true}]}}